{"id":154,"date":"2020-10-19T15:57:23","date_gmt":"2020-10-19T13:57:23","guid":{"rendered":"https:\/\/equa.lasse.dev\/?page_id=154"},"modified":"2022-04-09T14:14:59","modified_gmt":"2022-04-09T12:14:59","slug":"suunnitteluohjelma","status":"publish","type":"page","link":"https:\/\/www.equaseries.com\/en\/planning-programme\/","title":{"rendered":"Suunnitteluohjelma &#8211; Valitse Malli"},"content":{"rendered":"<div data-elementor-type=\"wp-page\" data-elementor-id=\"154\" class=\"elementor elementor-154\" data-elementor-settings=\"[]\">\n\t\t\t\t\t\t<div class=\"elementor-inner\">\n\t\t\t\t\t\t\t<div class=\"elementor-section-wrap\">\n\t\t\t\t\t\t\t<section class=\"elementor-section elementor-top-section elementor-element elementor-element-32b180d elementor-section-boxed elementor-section-height-default elementor-section-height-default\" data-id=\"32b180d\" data-element_type=\"section\">\n\t\t\t\t\t\t<div class=\"elementor-container elementor-column-gap-default\">\n\t\t\t\t\t\t\t<div class=\"elementor-row\">\n\t\t\t\t\t<div class=\"elementor-column elementor-col-100 elementor-top-column elementor-element elementor-element-f2115af\" data-id=\"f2115af\" data-element_type=\"column\">\n\t\t\t<div class=\"elementor-column-wrap elementor-element-populated\">\n\t\t\t\t\t\t\t<div class=\"elementor-widget-wrap\">\n\t\t\t\t\t\t<div class=\"elementor-element elementor-element-866e748 elementor-widget elementor-widget-spacer\" data-id=\"866e748\" data-element_type=\"widget\" data-widget_type=\"spacer.default\">\n\t\t\t\t<div class=\"elementor-widget-container\">\n\t\t\t\t\t<div class=\"elementor-spacer\">\n\t\t\t<div class=\"elementor-spacer-inner\"><\/div>\n\t\t<\/div>\n\t\t\t\t<\/div>\n\t\t\t\t<\/div>\n\t\t\t\t<div class=\"elementor-element elementor-element-2eaba6c elementor-widget elementor-widget-heading\" data-id=\"2eaba6c\" data-element_type=\"widget\" data-widget_type=\"heading.default\">\n\t\t\t\t<div class=\"elementor-widget-container\">\n\t\t\t<h1 class=\"elementor-heading-title elementor-size-default\">Equa Series - Design Tool<\/h1>\t\t<\/div>\n\t\t\t\t<\/div>\n\t\t\t\t<div class=\"elementor-element elementor-element-02081ae elementor-widget elementor-widget-text-editor\" data-id=\"02081ae\" data-element_type=\"widget\" data-widget_type=\"text-editor.default\">\n\t\t\t\t<div class=\"elementor-widget-container\">\n\t\t\t\t\t<div class=\"elementor-text-editor elementor-clearfix\"><h4>With Equa Series' free design software, you can easily visualise what your dream horse stable would look like. Start designing your stall today!<\/h4><\/div>\n\t\t\t\t<\/div>\n\t\t\t\t<\/div>\n\t\t\t\t<div class=\"elementor-element elementor-element-cfa8779 elementor-widget elementor-widget-spacer\" data-id=\"cfa8779\" data-element_type=\"widget\" data-widget_type=\"spacer.default\">\n\t\t\t\t<div class=\"elementor-widget-container\">\n\t\t\t\t\t<div class=\"elementor-spacer\">\n\t\t\t<div class=\"elementor-spacer-inner\"><\/div>\n\t\t<\/div>\n\t\t\t\t<\/div>\n\t\t\t\t<\/div>\n\t\t\t\t<div class=\"elementor-element elementor-element-80be767 elementor-widget elementor-widget-heading\" data-id=\"80be767\" data-element_type=\"widget\" data-widget_type=\"heading.default\">\n\t\t\t\t<div class=\"elementor-widget-container\">\n\t\t\t<h2 class=\"elementor-heading-title elementor-size-default\">Select a model:<\/h2>\t\t<\/div>\n\t\t\t\t<\/div>\n\t\t\t\t\t\t<\/div>\n\t\t\t\t\t<\/div>\n\t\t<\/div>\n\t\t\t\t\t\t\t\t<\/div>\n\t\t\t\t\t<\/div>\n\t\t<\/section>\n\t\t\t\t<section class=\"elementor-section elementor-top-section elementor-element elementor-element-a900f3b elementor-section-boxed elementor-section-height-default elementor-section-height-default\" data-id=\"a900f3b\" data-element_type=\"section\">\n\t\t\t\t\t\t<div class=\"elementor-container elementor-column-gap-default\">\n\t\t\t\t\t\t\t<div class=\"elementor-row\">\n\t\t\t\t\t<div class=\"elementor-column elementor-col-100 elementor-top-column elementor-element elementor-element-75507a2\" data-id=\"75507a2\" data-element_type=\"column\">\n\t\t\t<div class=\"elementor-column-wrap elementor-element-populated\">\n\t\t\t\t\t\t\t<div class=\"elementor-widget-wrap\">\n\t\t\t\t\t\t<div class=\"elementor-element elementor-element-15ce30b elementor-posts__hover-none elementor-grid-3 elementor-grid-tablet-2 elementor-grid-mobile-1 elementor-posts--thumbnail-top elementor-card-shadow-yes elementor-widget elementor-widget-posts\" data-id=\"15ce30b\" data-element_type=\"widget\" data-settings=\"{&quot;cards_columns&quot;:&quot;3&quot;,&quot;cards_columns_tablet&quot;:&quot;2&quot;,&quot;cards_columns_mobile&quot;:&quot;1&quot;,&quot;cards_row_gap&quot;:{&quot;unit&quot;:&quot;px&quot;,&quot;size&quot;:35,&quot;sizes&quot;:[]}}\" data-widget_type=\"posts.cards\">\n\t\t\t\t<div class=\"elementor-widget-container\">\n\t\t\t\t\t<div class=\"elementor-posts-container elementor-posts elementor-posts--skin-cards elementor-grid\">\n\t\t\t\t<article class=\"elementor-post elementor-grid-item post-207 product type-product status-publish has-post-thumbnail hentry product_cat-equa-mallit\">\n\t\t\t<div class=\"elementor-post__card\">\n\t\t\t\t<a class=\"elementor-post__thumbnail__link\" href=\"https:\/\/www.equaseries.com\/en\/product\/equa-series-model-a\/\" >\n\t\t\t<div class=\"elementor-post__thumbnail\"><img width=\"324\" height=\"324\" src=\"https:\/\/www.equaseries.com\/wp-content\/uploads\/2021\/01\/malli-a.png\" class=\"attachment-large size-large\" alt=\"Equa Series Model A\" srcset=\"https:\/\/www.equaseries.com\/wp-content\/uploads\/2021\/01\/malli-a.png 324w, https:\/\/www.equaseries.com\/wp-content\/uploads\/2021\/01\/malli-a-300x300.png 300w, https:\/\/www.equaseries.com\/wp-content\/uploads\/2021\/01\/malli-a-150x150.png 150w, https:\/\/www.equaseries.com\/wp-content\/uploads\/2021\/01\/malli-a-12x12.png 12w\" sizes=\"(max-width: 324px) 100vw, 324px\" title=\"- Equa Series by GHorse\"><\/div>\n\t\t<\/a>\n\t\t\t\t<div class=\"elementor-post__text\">\n\t\t\t\t<h3 class=\"elementor-post__title\">\n\t\t\t<a href=\"https:\/\/www.equaseries.com\/en\/product\/equa-series-model-a\/\" >\n\t\t\t\tEqua Series Model A (3000mm)\t\t\t<\/a>\n\t\t<\/h3>\n\t\t\t\t<\/div>\n\t\t\t\t\t<\/div>\n\t\t<\/article>\n\t\t\t\t<article class=\"elementor-post elementor-grid-item post-369 product type-product status-publish has-post-thumbnail hentry product_cat-equa-mallit\">\n\t\t\t<div class=\"elementor-post__card\">\n\t\t\t\t<a class=\"elementor-post__thumbnail__link\" href=\"https:\/\/www.equaseries.com\/en\/product\/equa-series-model-b\/\" >\n\t\t\t<div class=\"elementor-post__thumbnail\"><img width=\"324\" height=\"324\" src=\"https:\/\/www.equaseries.com\/wp-content\/uploads\/2021\/01\/malli-b.png\" class=\"attachment-large size-large\" alt=\"Equa Series Model B\" srcset=\"https:\/\/www.equaseries.com\/wp-content\/uploads\/2021\/01\/malli-b.png 324w, https:\/\/www.equaseries.com\/wp-content\/uploads\/2021\/01\/malli-b-300x300.png 300w, https:\/\/www.equaseries.com\/wp-content\/uploads\/2021\/01\/malli-b-150x150.png 150w, https:\/\/www.equaseries.com\/wp-content\/uploads\/2021\/01\/malli-b-12x12.png 12w\" sizes=\"(max-width: 324px) 100vw, 324px\" title=\"- Equa Series by GHorse\"><\/div>\n\t\t<\/a>\n\t\t\t\t<div class=\"elementor-post__text\">\n\t\t\t\t<h3 class=\"elementor-post__title\">\n\t\t\t<a href=\"https:\/\/www.equaseries.com\/en\/product\/equa-series-model-b\/\" >\n\t\t\t\tEqua Series Model B (3000mm)\t\t\t<\/a>\n\t\t<\/h3>\n\t\t\t\t<\/div>\n\t\t\t\t\t<\/div>\n\t\t<\/article>\n\t\t\t\t<article class=\"elementor-post elementor-grid-item post-410 product type-product status-publish has-post-thumbnail hentry product_cat-equa-mallit\">\n\t\t\t<div class=\"elementor-post__card\">\n\t\t\t\t<a class=\"elementor-post__thumbnail__link\" href=\"https:\/\/www.equaseries.com\/en\/product\/equa-series-model-c\/\" >\n\t\t\t<div class=\"elementor-post__thumbnail\"><img width=\"324\" height=\"324\" src=\"https:\/\/www.equaseries.com\/wp-content\/uploads\/2021\/02\/malli-c.png\" class=\"attachment-large size-large\" alt=\"Equa Series Model C\" srcset=\"https:\/\/www.equaseries.com\/wp-content\/uploads\/2021\/02\/malli-c.png 324w, https:\/\/www.equaseries.com\/wp-content\/uploads\/2021\/02\/malli-c-300x300.png 300w, https:\/\/www.equaseries.com\/wp-content\/uploads\/2021\/02\/malli-c-150x150.png 150w, https:\/\/www.equaseries.com\/wp-content\/uploads\/2021\/02\/malli-c-12x12.png 12w\" sizes=\"(max-width: 324px) 100vw, 324px\" title=\"- Equa Series by GHorse\"><\/div>\n\t\t<\/a>\n\t\t\t\t<div class=\"elementor-post__text\">\n\t\t\t\t<h3 class=\"elementor-post__title\">\n\t\t\t<a href=\"https:\/\/www.equaseries.com\/en\/product\/equa-series-model-c\/\" >\n\t\t\t\tEqua Series Model C (3000mm)\t\t\t<\/a>\n\t\t<\/h3>\n\t\t\t\t<\/div>\n\t\t\t\t\t<\/div>\n\t\t<\/article>\n\t\t\t\t<\/div>\n\t\t\t\t<\/div>\n\t\t\t\t<\/div>\n\t\t\t\t<div class=\"elementor-element elementor-element-a96dadd elementor-hidden-desktop elementor-hidden-tablet elementor-hidden-phone elementor-widget elementor-widget-image\" data-id=\"a96dadd\" data-element_type=\"widget\" data-widget_type=\"image.default\">\n\t\t\t\t<div class=\"elementor-widget-container\">\n\t\t\t\t\t<div class=\"elementor-image\">\n\t\t\t\t\t\t\t\t\t\t\t<a href=\"http:\/\/www.ghorse.com\/\" target=\"_blank\" rel=\"noopener\">\n\t\t\t\t\t\t\t<img width=\"300\" height=\"169\" src=\"https:\/\/www.equaseries.com\/wp-content\/uploads\/2021\/12\/EQUA_Series_logo-300x169.png\" class=\"attachment-medium size-medium\" alt=\"Equa Series Design programme\" srcset=\"https:\/\/www.equaseries.com\/wp-content\/uploads\/2021\/12\/EQUA_Series_logo-300x169.png 300w, https:\/\/www.equaseries.com\/wp-content\/uploads\/2021\/12\/EQUA_Series_logo-1024x576.png 1024w, https:\/\/www.equaseries.com\/wp-content\/uploads\/2021\/12\/EQUA_Series_logo-768x432.png 768w, https:\/\/www.equaseries.com\/wp-content\/uploads\/2021\/12\/EQUA_Series_logo-1536x864.png 1536w, https:\/\/www.equaseries.com\/wp-content\/uploads\/2021\/12\/EQUA_Series_logo-1440x810.png 1440w, https:\/\/www.equaseries.com\/wp-content\/uploads\/2021\/12\/EQUA_Series_logo-e1639769894687.png 400w\" sizes=\"(max-width: 300px) 100vw, 300px\" title=\"- Equa Series by GHorse\">\t\t\t\t\t\t\t\t<\/a>\n\t\t\t\t\t\t\t\t\t\t\t<\/div>\n\t\t\t\t<\/div>\n\t\t\t\t<\/div>\n\t\t\t\t<div class=\"elementor-element elementor-element-0f5addc elementor-widget elementor-widget-spacer\" data-id=\"0f5addc\" data-element_type=\"widget\" data-widget_type=\"spacer.default\">\n\t\t\t\t<div class=\"elementor-widget-container\">\n\t\t\t\t\t<div class=\"elementor-spacer\">\n\t\t\t<div class=\"elementor-spacer-inner\"><\/div>\n\t\t<\/div>\n\t\t\t\t<\/div>\n\t\t\t\t<\/div>\n\t\t\t\t\t\t<\/div>\n\t\t\t\t\t<\/div>\n\t\t<\/div>\n\t\t\t\t\t\t\t\t<\/div>\n\t\t\t\t\t<\/div>\n\t\t<\/section>\n\t\t\t\t\t\t<\/div>\n\t\t\t\t\t\t<\/div>\n\t\t\t\t\t<\/div>","protected":false},"excerpt":{"rendered":"<p>Equa Series &#8211; Suunnitteluohjelma Equa Seriesin ilmaisella suunnitteluohjelmalla voit helposti visualisoida milt\u00e4 oma unelmien karsina n\u00e4ytt\u00e4isi! Aloita karsinan suunnittelu jo t\u00e4n\u00e4\u00e4n! Valitse malli:<\/p>","protected":false},"author":1,"featured_media":0,"parent":0,"menu_order":0,"comment_status":"closed","ping_status":"closed","template":"elementor_header_footer","meta":[],"_links":{"self":[{"href":"https:\/\/www.equaseries.com\/en\/wp-json\/wp\/v2\/pages\/154"}],"collection":[{"href":"https:\/\/www.equaseries.com\/en\/wp-json\/wp\/v2\/pages"}],"about":[{"href":"https:\/\/www.equaseries.com\/en\/wp-json\/wp\/v2\/types\/page"}],"author":[{"embeddable":true,"href":"https:\/\/www.equaseries.com\/en\/wp-json\/wp\/v2\/users\/1"}],"replies":[{"embeddable":true,"href":"https:\/\/www.equaseries.com\/en\/wp-json\/wp\/v2\/comments?post=154"}],"version-history":[{"count":33,"href":"https:\/\/www.equaseries.com\/en\/wp-json\/wp\/v2\/pages\/154\/revisions"}],"predecessor-version":[{"id":1217,"href":"https:\/\/www.equaseries.com\/en\/wp-json\/wp\/v2\/pages\/154\/revisions\/1217"}],"wp:attachment":[{"href":"https:\/\/www.equaseries.com\/en\/wp-json\/wp\/v2\/media?parent=154"}],"curies":[{"name":"wp","href":"https:\/\/api.w.org\/{rel}","templated":true}]}}