{"id":3,"date":"2020-09-23T00:01:42","date_gmt":"2020-09-23T00:01:42","guid":{"rendered":"https:\/\/equa.lasse.dev\/?page_id=3"},"modified":"2022-04-01T17:41:30","modified_gmt":"2022-04-01T15:41:30","slug":"tietosuojaseloste","status":"publish","type":"page","link":"https:\/\/www.equaseries.com\/fi\/tietosuojaseloste\/","title":{"rendered":"Tietosuojaseloste"},"content":{"rendered":"\t\t<div data-elementor-type=\"wp-page\" data-elementor-id=\"3\" class=\"elementor elementor-3\" data-elementor-settings=\"[]\">\n\t\t\t\t\t\t<div class=\"elementor-inner\">\n\t\t\t\t\t\t\t<div class=\"elementor-section-wrap\">\n\t\t\t\t\t\t\t<section class=\"elementor-section elementor-top-section elementor-element elementor-element-47e700fd elementor-section-boxed elementor-section-height-default elementor-section-height-default\" data-id=\"47e700fd\" data-element_type=\"section\">\n\t\t\t\t\t\t<div class=\"elementor-container elementor-column-gap-default\">\n\t\t\t\t\t\t\t<div class=\"elementor-row\">\n\t\t\t\t\t<div class=\"elementor-column elementor-col-100 elementor-top-column elementor-element elementor-element-1701324d\" data-id=\"1701324d\" data-element_type=\"column\">\n\t\t\t<div class=\"elementor-column-wrap elementor-element-populated\">\n\t\t\t\t\t\t\t<div class=\"elementor-widget-wrap\">\n\t\t\t\t\t\t<div class=\"elementor-element elementor-element-ca49e69 elementor-widget elementor-widget-heading\" data-id=\"ca49e69\" data-element_type=\"widget\" data-widget_type=\"heading.default\">\n\t\t\t\t<div class=\"elementor-widget-container\">\n\t\t\t<h2 class=\"elementor-heading-title elementor-size-default\">Tietosuojaseloste<\/h2>\t\t<\/div>\n\t\t\t\t<\/div>\n\t\t\t\t<div class=\"elementor-element elementor-element-6b3f24d5 elementor-widget elementor-widget-text-editor\" data-id=\"6b3f24d5\" data-element_type=\"widget\" data-widget_type=\"text-editor.default\">\n\t\t\t\t<div class=\"elementor-widget-container\">\n\t\t\t\t\t<div class=\"elementor-text-editor elementor-clearfix\"><!-- wp:paragraph -->\n<p>www.equaseries.com &nbsp;<\/p>\n<!-- \/wp:paragraph -->\n\n<!-- wp:paragraph -->\n<p>EU:n yleinen tietosuoja-asetus<\/p>\n<!-- \/wp:paragraph -->\n\n<!-- wp:paragraph -->\n<p><strong>14.4.2021<\/strong><\/p>\n<!-- \/wp:paragraph -->\n\n<!-- wp:paragraph -->\n<p><strong>Yleist\u00e4<\/strong><\/p>\n<!-- \/wp:paragraph -->\n\n<!-- wp:paragraph -->\n<p><strong>&nbsp;<\/strong>Equa Series on sitoutunut suojaamaan asiakkaidensa yksityisyytt\u00e4 ja tarjoaa mahdollisuuden vaikuttaa tietojen k\u00e4sittelyyn; voit halutessasi rajata tietojesi k\u00e4ytt\u00f6\u00e4 erillisen kirjallisen pyynn\u00f6n kautta.<\/p>\n<!-- \/wp:paragraph -->\n\n<!-- wp:paragraph -->\n<p>T\u00e4ll\u00e4 tietosuojaselosteella informoimme asiakkaitamme heid\u00e4n henkil\u00f6tietojensa k\u00e4sittelyst\u00e4. Asiakkaan on hyv\u00e4ksytt\u00e4v\u00e4 t\u00e4m\u00e4n tietosuojaselosteen ehdot k\u00e4ytt\u00e4\u00e4kseen Equa Series \u2013 sivuston palveluita.<\/p>\n<!-- \/wp:paragraph -->\n\n<!-- wp:paragraph -->\n<p>Ker\u00e4\u00e4m\u00e4mme tiedot voidaan jakaa k\u00e4ytt\u00e4j\u00e4n antamiin, verkkopalveluiden k\u00e4yt\u00f6st\u00e4 havannoituihin sek\u00e4 analytiikan avulla johdettuihin tietoihin.<\/p>\n<!-- \/wp:paragraph -->\n\n<!-- wp:paragraph -->\n<p>K\u00e4yt\u00e4mme tietoja:<\/p>\n<!-- \/wp:paragraph -->\n\n<!-- wp:list -->\n<ul><li>Helppok\u00e4ytt\u00f6isen ja turvallisen palvelun toimittamiseen<\/li><li>Hyv\u00e4n asiakaskokemuksen tarjoamiseen<\/li><li>Tuotesuositusten ja markkinoinnin parantamiseen<\/li><li>Asiakaspalvelun ja verkkokaupan kehitt\u00e4miseen<\/li><\/ul>\n<!-- \/wp:list -->\n\n<!-- wp:paragraph -->\n<p><strong>1. Rekisterinpit\u00e4j\u00e4<\/strong><\/p>\n<!-- \/wp:paragraph -->\n\n<!-- wp:paragraph -->\n<p>&nbsp;Equa Series \/ Ghorse Oy<\/p>\n<!-- \/wp:paragraph -->\n\n<!-- wp:paragraph -->\n<p>2417803-0<\/p>\n<!-- \/wp:paragraph -->\n\n<!-- wp:paragraph -->\n<p>Kunnasniementie 67<\/p>\n<!-- \/wp:paragraph -->\n\n<!-- wp:paragraph -->\n<p>80510<\/p>\n<!-- \/wp:paragraph -->\n\n<!-- wp:paragraph -->\n<p>ONTTOLA<\/p>\n<!-- \/wp:paragraph -->\n\n<!-- wp:paragraph -->\n<p>040 5803892<\/p>\n<!-- \/wp:paragraph -->\n\n<!-- wp:paragraph -->\n<p>info@ghorse.fi<\/p>\n<!-- \/wp:paragraph -->\n\n<!-- wp:paragraph -->\n<p><em>j\u00e4ljemp\u00e4n\u00e4 Equa Series.<\/em><\/p>\n<!-- \/wp:paragraph -->\n\n<!-- wp:paragraph -->\n<p><strong>2. Rekisteriasioita hoitava henkil\u00f6<\/strong><\/p>\n<!-- \/wp:paragraph -->\n\n<!-- wp:paragraph -->\n<p>&nbsp;Equa Series \/ Ghorse Oy<\/p>\n<!-- \/wp:paragraph -->\n\n<!-- wp:paragraph -->\n<p>Aapo Gr\u00f6hn, Toimitusjohtaja<\/p>\n<!-- \/wp:paragraph -->\n\n<!-- wp:paragraph -->\n<p>Kunnasniementie 67<\/p>\n<!-- \/wp:paragraph -->\n\n<!-- wp:paragraph -->\n<p>80510 ONTTOLA<\/p>\n<!-- \/wp:paragraph -->\n\n<!-- wp:paragraph -->\n<p>040 5803892<\/p>\n<!-- \/wp:paragraph -->\n\n<!-- wp:paragraph -->\n<p>info@ghorse.fi<\/p>\n<!-- \/wp:paragraph -->\n\n<!-- wp:paragraph -->\n<p><strong>3. Rekisterin nimi<\/strong><\/p>\n<!-- \/wp:paragraph -->\n\n<!-- wp:paragraph -->\n<p>Equa Series verkkopalvelut:<\/p>\n<!-- \/wp:paragraph -->\n\n<!-- wp:paragraph -->\n<p>\u00b7 &nbsp; &nbsp; &nbsp; &nbsp; Equa Series julkiset verkkosivut eli equaseries.com<\/p>\n<!-- \/wp:paragraph -->\n\n<!-- wp:paragraph -->\n<p>\u00b7 &nbsp; &nbsp; &nbsp; &nbsp; Equa Series extranet<\/p>\n<!-- \/wp:paragraph -->\n\n<!-- wp:paragraph -->\n<p><strong>4. Henkil\u00f6tietojen k\u00e4sittelyn peruste ja k\u00e4ytt\u00f6tarkoitus<\/strong><\/p>\n<!-- \/wp:paragraph -->\n\n<!-- wp:paragraph -->\n<p>Equa Series julkiset verkkosivut ja extranet. Ker\u00e4tt\u00e4vi\u00e4 henkil\u00f6tietoja k\u00e4ytet\u00e4\u00e4n:<\/p>\n<!-- \/wp:paragraph -->\n\n<!-- wp:paragraph -->\n<p>Asiakkaan tunnistautumiseen ja k\u00e4ytt\u00f6oikeuksien hallintaan. Rekister\u00f6ityneiden k\u00e4ytt\u00e4jien tilausten toimittamiseen ja asiakassuhteen yll\u00e4pitoon.<\/p>\n<!-- \/wp:paragraph -->\n\n<!-- wp:paragraph -->\n<p>Henkil\u00f6tietojen k\u00e4sittelyn oikeusperusteena on rekisterinpit\u00e4j\u00e4n oikeutettu etu, joka perustuu rekister\u00f6idyn ja rekisterinpit\u00e4j\u00e4n v\u00e4liseen asiakassuhteeseen. Ker\u00e4ttyj\u00e4 henkil\u00f6tietoja k\u00e4ytet\u00e4\u00e4n yksil\u00f6im\u00e4\u00e4n k\u00e4ytt\u00e4j\u00e4 sivustolla mm. verkkokaupan asiakkuutta varten. Lis\u00e4ksi palvelu voi l\u00e4hett\u00e4\u00e4 tiedotteita asiakkailleen.<\/p>\n<!-- \/wp:paragraph -->\n\n<!-- wp:paragraph -->\n<p><strong>5. Rekisterin tietosis\u00e4lt\u00f6<\/strong><\/p>\n<!-- \/wp:paragraph -->\n\n<!-- wp:paragraph -->\n<p>Rekisteriin tallennettavia tietoja ovat: henkil\u00f6n nimi, yhteystiedot (puhelinnumero, s\u00e4hk\u00f6postiosoite, osoite), verkkoyhteyden IP-osoite, tiedot tilatuista tuotteista tai palveluista ja niiden muutoksista, laskutustiedot, muut asiakassuhteeseen ja tilattuihin tuotteisiin tai palveluihin liittyv\u00e4t tiedot.<\/p>\n<!-- \/wp:paragraph -->\n\n<!-- wp:paragraph -->\n<p><strong>6. Tietojen s\u00e4ilytysaika<\/strong><\/p>\n<!-- \/wp:paragraph -->\n\n<!-- wp:paragraph -->\n<p>Tietoja s\u00e4ilytet\u00e4\u00e4n niin kauan, kun k\u00e4ytt\u00e4j\u00e4tili on rekister\u00f6ity palveluun. Jos k\u00e4ytt\u00e4j\u00e4 poistaa tilins\u00e4, anonymisoidaan ker\u00e4tyt tiedot niin, ett\u00e4 kaikki yksil\u00f6iv\u00e4t tunnistetiedot, kuten nimet, osoitteet ja puhelinnumerot poistetaan.<\/p>\n<!-- \/wp:paragraph -->\n\n<!-- wp:paragraph -->\n<p><strong>7. S\u00e4\u00e4nn\u00f6nmukaiset tietol\u00e4hteet<\/strong><\/p>\n<!-- \/wp:paragraph -->\n\n<!-- wp:paragraph -->\n<p>Rekisteriin ker\u00e4t\u00e4\u00e4n tietoja:<\/p>\n<!-- \/wp:paragraph -->\n\n<!-- wp:paragraph -->\n<p>Henkil\u00f6lt\u00e4 itselt\u00e4\u00e4n. Viranomaisen pit\u00e4mist\u00e4 rekistereist\u00e4 lain sallimissa rajoissa (esim. ytj.fi). Tietoja ker\u00e4t\u00e4\u00e4n my\u00f6s Google Analytics \u2013analytiikkaty\u00f6kalun avulla.<\/p>\n<!-- \/wp:paragraph -->\n\n<!-- wp:paragraph -->\n<p><strong>8. S\u00e4\u00e4nn\u00f6nmukaiset tietojen luovutukset ja tietojen siirto EU:n tai Euroopan talousalueen ulkopuolelle<\/strong><\/p>\n<!-- \/wp:paragraph -->\n\n<!-- wp:paragraph -->\n<p>Tietoja ei s\u00e4\u00e4nn\u00f6nmukaisesti luovuteta yrityksen ulkopuolelle. Osa yrityksen k\u00e4ytt\u00e4mist\u00e4 ulkopuolisista palvelun- tai ohjelmistontarjoajista saattavat s\u00e4ilytt\u00e4\u00e4 tietoja EU:n tai Euroopan talousalueen ulkopuolella.<\/p>\n<!-- \/wp:paragraph -->\n\n<!-- wp:paragraph -->\n<p><strong>9. Henkil\u00f6tietojen suojaus<\/strong><\/p>\n<!-- \/wp:paragraph -->\n\n<!-- wp:paragraph -->\n<p>Tiedot siirret\u00e4\u00e4n SSL-suojatun yhteyden ylitse.<\/p>\n<!-- \/wp:paragraph -->\n\n<!-- wp:paragraph -->\n<p>S\u00e4hk\u00f6iset tiedot on suojattu palomuurilla, k\u00e4ytt\u00e4j\u00e4tunnuksin ja salasanoin.<\/p>\n<!-- \/wp:paragraph -->\n\n<!-- wp:paragraph -->\n<p>Tietojen k\u00e4ytt\u00f6oikeus on vain niill\u00e4 rekisterinpit\u00e4j\u00e4n palveluksessa olevilla henkil\u00f6ill\u00e4, jotka tarvitsevat tietoja teht\u00e4viss\u00e4\u00e4n.<\/p>\n<!-- \/wp:paragraph -->\n\n<!-- wp:paragraph -->\n<p><strong>10. Automaattinen p\u00e4\u00e4t\u00f6ksenteko<\/strong><\/p>\n<!-- \/wp:paragraph -->\n\n<!-- wp:paragraph -->\n<p>Automatisoituja yksitt\u00e4isp\u00e4\u00e4t\u00f6ksi\u00e4 (EU:n tietosuoja-asetuksen artikla 22) ei tehd\u00e4.<\/p>\n<!-- \/wp:paragraph -->\n\n<!-- wp:paragraph -->\n<p><strong>11. Profilointi<\/strong><\/p>\n<!-- \/wp:paragraph -->\n\n<!-- wp:paragraph -->\n<p>Tietoa aiemmin ostetuista tuotteista tai sivustolla\/palvelussa k\u00e4ytt\u00e4ytymisest\u00e4 voidaan k\u00e4ytt\u00e4\u00e4 l\u00e4hteen\u00e4, kun k\u00e4ytt\u00e4j\u00e4lle tarjotaan lis\u00e4palveluja.<\/p>\n<!-- \/wp:paragraph -->\n\n<!-- wp:paragraph -->\n<p><strong>12. Ev\u00e4steiden (cookies) k\u00e4ytt\u00f6<\/strong><\/p>\n<!-- \/wp:paragraph -->\n\n<!-- wp:paragraph -->\n<p>Equa Series k\u00e4ytt\u00e4\u00e4 ev\u00e4steit\u00e4 verkkosivustoillaan. Hyv\u00e4ksyt ev\u00e4steiden k\u00e4yt\u00f6n jatkamalla sivustojen selaamista. Ker\u00e4\u00e4mme Google Analyticsin avulla tilastotietoja esimerkiksi sivustojen k\u00e4vij\u00e4m\u00e4\u00e4rist\u00e4 ja suosituista sis\u00e4ll\u00f6ist\u00e4. Lis\u00e4ksi ne mahdollistavat sivujen toiminnallisuudet, kuten kirjautumisen verkkokauppaan.<\/p>\n<!-- \/wp:paragraph -->\n\n<!-- wp:paragraph -->\n<p>Ev\u00e4ste on pieni tekstitiedosto, joka tallennetaan k\u00e4ytt\u00e4j\u00e4n tietokoneelle, kun h\u00e4n vierailee sivustolla. Ev\u00e4steet eiv\u00e4t ker\u00e4\u00e4 k\u00e4ytt\u00e4jist\u00e4 tunnistettavia tietoja eik\u00e4 niit\u00e4 voi k\u00e4ytt\u00e4\u00e4 ohjelmien k\u00e4ytt\u00e4miseen tai haittaohjelmien levitt\u00e4miseen.<\/p>\n<!-- \/wp:paragraph -->\n\n<!-- wp:paragraph -->\n<p>Mik\u00e4li haluat poistaa ev\u00e4steit\u00e4 selaimesi muistista, voit poistaa ne selaimen asetuksien kautta.<\/p>\n<!-- \/wp:paragraph -->\n\n<!-- wp:paragraph -->\n<p>Sivustoillamme on my\u00f6s painikkeita, joiden avulla voi jakaa sis\u00e4lt\u00f6j\u00e4 sosiaaliseen mediaan. Jos k\u00e4yt\u00e4t n\u00e4it\u00e4 painikkeita, valitsemaltasi palvelulta voidaan asentaa ev\u00e4ste p\u00e4\u00e4telaitteelle. N\u00e4m\u00e4 ev\u00e4steet eiv\u00e4t ole meid\u00e4n hallinnassamme ja lis\u00e4tietoja saa kyseisen palvelun verkkosivustolta.<\/p>\n<!-- \/wp:paragraph -->\n\n<!-- wp:paragraph -->\n<p><strong>13. Rekister\u00f6idyn oikeudet<\/strong><\/p>\n<!-- \/wp:paragraph -->\n\n<!-- wp:paragraph -->\n<p><strong>Oikeus saada p\u00e4\u00e4sy henkil\u00f6tietoihin<\/strong><\/p>\n<!-- \/wp:paragraph -->\n\n<!-- wp:list -->\n<ul><li>Rekister\u00f6idyll\u00e4 on oikeus saada vahvistus siit\u00e4, k\u00e4sitell\u00e4\u00e4nk\u00f6 h\u00e4nt\u00e4 koskevia henkil\u00f6tietoja, ja jos k\u00e4sitell\u00e4\u00e4n, oikeus saada kopio henkil\u00f6tiedoistaan.<\/li><li>Rekister\u00f6idyll\u00e4 on oikeus tarkastaa, mit\u00e4 h\u00e4nt\u00e4 koskevia tietoja henkil\u00f6tietorekisteriin on talletettu. Kirjallinen tarkastuspyynt\u00f6 tulee l\u00e4hett\u00e4\u00e4 allekirjoitettuna rekisteriasioista vastaavalle henkil\u00f6lle.<\/li><li>Tarkastusoikeus on maksuton enint\u00e4\u00e4n kerran vuodessa toteutettuna.<\/li><\/ul>\n<!-- \/wp:list -->\n\n<!-- wp:paragraph -->\n<p><strong>Oikeus tietojen oikaisemiseen<\/strong><\/p>\n<!-- \/wp:paragraph -->\n\n<!-- wp:paragraph -->\n<p>\u00b7 &nbsp; &nbsp; &nbsp; &nbsp; Rekister\u00f6idyll\u00e4 on oikeus vaatia virheellisten tai vanhentuneiden tietojen oikaisua tai poistamista tai tietojen siirtoa j\u00e4rjestelm\u00e4st\u00e4 toiseen. H\u00e4nell\u00e4 on my\u00f6s oikeus rajoittaa tai vastustaa tietojensa k\u00e4sittely\u00e4 EU:n tietosuoja-asetuksen artiklojen 18 ja 21 mukaisesti.<\/p>\n<!-- \/wp:paragraph -->\n\n<!-- wp:paragraph -->\n<p>\u00b7 &nbsp; &nbsp; &nbsp; &nbsp; Rekister\u00f6idyll\u00e4 on my\u00f6s oikeus saada puutteelliset henkil\u00f6tiedot t\u00e4ydennetty\u00e4 toimittamalla tarvittavat lis\u00e4tiedot.<\/p>\n<!-- \/wp:paragraph -->\n\n<!-- wp:paragraph -->\n<p><strong>Oikeus tietojen poistamiseen tai peruuttamiseen<\/strong><\/p>\n<!-- \/wp:paragraph -->\n\n<!-- wp:paragraph -->\n<p>Rekister\u00f6idyll\u00e4 on oikeus pyyt\u00e4\u00e4 itse\u00e4\u00e4n koskevien henkil\u00f6tietojen poistamista seuraavissa tapauksissa:<\/p>\n<!-- \/wp:paragraph -->\n\n<!-- wp:list -->\n<ul><li>Henkil\u00f6tietoja ei en\u00e4\u00e4 tarvita niihin tarkoituksiin, joita varten ne on ker\u00e4tty<\/li><li>Henkil\u00f6tietoja on k\u00e4sitelty lainvastaisesti.<\/li><li>Rekister\u00f6idyll\u00e4 on oikeus peruuttaa aiemmin antamansa suostumus tietojen k\u00e4sittelylle.<\/li><\/ul>\n<!-- \/wp:list -->\n\n<!-- wp:paragraph -->\n<p><strong>Oikeus k\u00e4sittelyn rajoittamiseen<\/strong><\/p>\n<!-- \/wp:paragraph -->\n\n<!-- wp:paragraph -->\n<p>Rekister\u00f6idyll\u00e4 on oikeus rajoittaa itse\u00e4\u00e4n koskevien henkil\u00f6tietojen k\u00e4sittely\u00e4 seuraavissa tapauksissa:<\/p>\n<!-- \/wp:paragraph -->\n\n<!-- wp:list -->\n<ul><li>Rekister\u00f6ity kiist\u00e4\u00e4 henkil\u00f6tietojensa paikkansapit\u00e4vyyden<\/li><li>K\u00e4sittely on lainvastaista, ja rekister\u00f6ity vastustaa henkil\u00f6tietojensa poistamista ja vaatii sen sijaan niiden k\u00e4yt\u00f6n rajoittamista<\/li><li>Rekisterinpit\u00e4j\u00e4 ei en\u00e4\u00e4 tarvitse henkil\u00f6tietoja k\u00e4sittelyn alkuper\u00e4isiin tarkoituksiin, mutta rekister\u00f6ity tarvitsee niit\u00e4 oikeudellisen vaateen laatimiseksi, esitt\u00e4miseksi tai puolustamiseksi.<\/li><\/ul>\n<!-- \/wp:list -->\n\n<!-- wp:paragraph -->\n<p>\u00b7 &nbsp; &nbsp; &nbsp; &nbsp; Rekister\u00f6idyll\u00e4 on my\u00f6s oikeus kielt\u00e4\u00e4 tietojensa k\u00e4ytt\u00f6 suoramarkkinointitarkoituksiin.<\/p>\n<!-- \/wp:paragraph -->\n\n<!-- wp:paragraph -->\n<p><strong>Vastustamisoikeus<\/strong><\/p>\n<!-- \/wp:paragraph -->\n\n<!-- wp:list -->\n<ul><li>Rekister\u00f6idyll\u00e4 on oikeus henkil\u00f6kohtaiseen erityiseen tilanteeseensa liittyv\u00e4ll\u00e4 perusteella milloin tahansa vastustaa h\u00e4nt\u00e4 koskevien henkil\u00f6tietojen k\u00e4sittely\u00e4.<\/li><li>Rekisterinpit\u00e4j\u00e4 ei saa en\u00e4\u00e4 k\u00e4sitell\u00e4 rekister\u00f6idyn henkil\u00f6tietoja, paitsi jos rekisterinpit\u00e4j\u00e4 voi osoittaa, ett\u00e4 k\u00e4sittelyyn on olemassa huomattavan t\u00e4rke\u00e4 ja perusteltu syy, joka syrj\u00e4ytt\u00e4\u00e4 rekister\u00f6idyn edut, oikeudet ja vapaudet, tai jos se on tarpeen oikeusvaateen laatimiseksi, esitt\u00e4miseksi tai puolustamiseksi.<\/li><li>Jos henkil\u00f6tietoja k\u00e4sitell\u00e4\u00e4n suoramarkkinointia varten, rekister\u00f6idyll\u00e4 on oikeus milloin tahansa vastustaa h\u00e4nt\u00e4 koskevien henkil\u00f6tietojen k\u00e4sittely\u00e4 t\u00e4llaista markkinointia varten, mukaan lukien profilointia silloin kun se liittyy t\u00e4llaiseen suoramarkkinointiin.<\/li><\/ul>\n<!-- \/wp:list -->\n\n<!-- wp:paragraph -->\n<p><strong>Oikeus olla joutumatta automatisoitujen p\u00e4\u00e4t\u00f6sten kohteeksi<\/strong><\/p>\n<!-- \/wp:paragraph -->\n\n<!-- wp:list -->\n<ul><li>Rekister\u00f6idyll\u00e4 on oikeus olla joutumatta sellaisen p\u00e4\u00e4t\u00f6ksen kohteeksi, joka perustuu pelk\u00e4st\u00e4\u00e4n automaattiseen k\u00e4sittelyyn, kuten profilointiin, ja jolla on h\u00e4nt\u00e4 koskevia oikeusvaikutuksia tai joka vaikuttaa h\u00e4neen vastaavalla tavalla merkitt\u00e4v\u00e4sti.<\/li><li>Edell\u00e4 olevaa ei sovelleta, jos p\u00e4\u00e4t\u00f6s on v\u00e4ltt\u00e4m\u00e4t\u00f6n rekister\u00f6idyn ja rekisterinpit\u00e4j\u00e4n v\u00e4lisen sopimuksen tekemist\u00e4 tai t\u00e4yt\u00e4nt\u00f6\u00f6npanoa varten tai perustuu rekister\u00f6idyn nimenomaiseen suostumukseen.<\/li><\/ul>\n<!-- \/wp:list -->\n\n<!-- wp:paragraph -->\n<p><strong>Oikeus siirt\u00e4\u00e4 tiedot j\u00e4rjestelm\u00e4st\u00e4 toiseen<\/strong><\/p>\n<!-- \/wp:paragraph -->\n\n<!-- wp:list -->\n<ul><li>Rekister\u00f6idyll\u00e4 on oikeus saada h\u00e4nt\u00e4 koskevat ja h\u00e4nen itse toimittamansa henkil\u00f6tiedot j\u00e4sennellyss\u00e4, yleisesti k\u00e4ytetyss\u00e4 ja koneellisesti luettavassa muodossa ja oikeus siirt\u00e4\u00e4 kyseiset tiedot toiselle rekisterinpit\u00e4j\u00e4lle.<\/li><\/ul>\n<!-- \/wp:list -->\n\n<!-- wp:paragraph -->\n<p><strong>Oikeus tehd\u00e4 valitus valvontaviranomaiselle<\/strong><\/p>\n<!-- \/wp:paragraph -->\n\n<!-- wp:list -->\n<ul><li>Henkil\u00f6tietoasioiden kansallisena valvontaviranomaisena on oikeusministeri\u00f6n yhteydess\u00e4 toimiva tietosuojavaltuutettu.<\/li><\/ul>\n<!-- \/wp:list -->\n\n<!-- wp:paragraph -->\n<p>&nbsp;<strong>14. Yhteydenotot<\/strong><\/p>\n<!-- \/wp:paragraph -->\n\n<!-- wp:paragraph -->\n<p>Kaikissa henkil\u00f6tietojen k\u00e4sittelyyn liittyviss\u00e4 kysymyksiss\u00e4 ja omien oikeuksien k\u00e4ytt\u00e4miseen liittyviss\u00e4 tilanteissa rekister\u00f6idyn tulee ottaa yhteytt\u00e4 tietosuojavastaavaan s\u00e4hk\u00f6postitse osoitteeseen info@ghorse.com tai postitse osoitteeseen Kunnasniementie 67, 80510 ONTTOLA.<\/p>\n<!-- \/wp:paragraph --><\/div>\n\t\t\t\t<\/div>\n\t\t\t\t<\/div>\n\t\t\t\t\t\t<\/div>\n\t\t\t\t\t<\/div>\n\t\t<\/div>\n\t\t\t\t\t\t\t\t<\/div>\n\t\t\t\t\t<\/div>\n\t\t<\/section>\n\t\t\t\t\t\t<\/div>\n\t\t\t\t\t\t<\/div>\n\t\t\t\t\t<\/div>\n\t\t","protected":false},"excerpt":{"rendered":"<p>www.equaseries.com &nbsp; EU:n yleinen tietosuoja-asetus 14.4.2021 Yleist\u00e4 &nbsp;Equa Series on sitoutunut suojaamaan asiakkaidensa yksityisyytt\u00e4 ja tarjoaa mahdollisuuden vaikuttaa tietojen k\u00e4sittelyyn; voit halutessasi rajata tietojesi k\u00e4ytt\u00f6\u00e4 erillisen kirjallisen pyynn\u00f6n kautta. T\u00e4ll\u00e4 tietosuojaselosteella informoimme asiakkaitamme heid\u00e4n henkil\u00f6tietojensa k\u00e4sittelyst\u00e4. Asiakkaan on hyv\u00e4ksytt\u00e4v\u00e4 t\u00e4m\u00e4n tietosuojaselosteen ehdot k\u00e4ytt\u00e4\u00e4kseen Equa Series \u2013 sivuston palveluita. Ker\u00e4\u00e4m\u00e4mme tiedot voidaan jakaa k\u00e4ytt\u00e4j\u00e4n antamiin, verkkopalveluiden [&hellip;]<\/p>\n","protected":false},"author":1,"featured_media":0,"parent":0,"menu_order":0,"comment_status":"closed","ping_status":"open","template":"","meta":[],"_links":{"self":[{"href":"https:\/\/www.equaseries.com\/fi\/wp-json\/wp\/v2\/pages\/3"}],"collection":[{"href":"https:\/\/www.equaseries.com\/fi\/wp-json\/wp\/v2\/pages"}],"about":[{"href":"https:\/\/www.equaseries.com\/fi\/wp-json\/wp\/v2\/types\/page"}],"author":[{"embeddable":true,"href":"https:\/\/www.equaseries.com\/fi\/wp-json\/wp\/v2\/users\/1"}],"replies":[{"embeddable":true,"href":"https:\/\/www.equaseries.com\/fi\/wp-json\/wp\/v2\/comments?post=3"}],"version-history":[{"count":4,"href":"https:\/\/www.equaseries.com\/fi\/wp-json\/wp\/v2\/pages\/3\/revisions"}],"predecessor-version":[{"id":787,"href":"https:\/\/www.equaseries.com\/fi\/wp-json\/wp\/v2\/pages\/3\/revisions\/787"}],"wp:attachment":[{"href":"https:\/\/www.equaseries.com\/fi\/wp-json\/wp\/v2\/media?parent=3"}],"curies":[{"name":"wp","href":"https:\/\/api.w.org\/{rel}","templated":true}]}}