{"id":611,"date":"2021-10-05T04:10:26","date_gmt":"2021-10-05T02:10:26","guid":{"rendered":"https:\/\/equa.lasse.dev\/?page_id=611"},"modified":"2023-06-29T14:01:11","modified_gmt":"2023-06-29T12:01:11","slug":"equa-series-yrityksena-tietoa-meista","status":"publish","type":"page","link":"https:\/\/www.equaseries.com\/fi\/equa-series-yrityksena-tietoa-meista\/","title":{"rendered":"Equa Series Yrityksen\u00e4 &#8211; Tietoa Meist\u00e4"},"content":{"rendered":"\t\t<div data-elementor-type=\"wp-page\" data-elementor-id=\"611\" class=\"elementor elementor-611\" data-elementor-settings=\"[]\">\n\t\t\t\t\t\t<div class=\"elementor-inner\">\n\t\t\t\t\t\t\t<div class=\"elementor-section-wrap\">\n\t\t\t\t\t\t\t<section class=\"elementor-section elementor-top-section elementor-element elementor-element-7bbcac6 elementor-section-height-min-height elementor-section-items-top elementor-section-boxed elementor-section-height-default\" data-id=\"7bbcac6\" data-element_type=\"section\">\n\t\t\t\t\t\t<div class=\"elementor-container elementor-column-gap-default\">\n\t\t\t\t\t\t\t<div class=\"elementor-row\">\n\t\t\t\t\t<div class=\"elementor-column elementor-col-100 elementor-top-column elementor-element elementor-element-aba046e\" data-id=\"aba046e\" data-element_type=\"column\">\n\t\t\t<div class=\"elementor-column-wrap elementor-element-populated\">\n\t\t\t\t\t\t\t<div class=\"elementor-widget-wrap\">\n\t\t\t\t\t\t<div class=\"elementor-element elementor-element-4282fc6 elementor-widget elementor-widget-spacer\" data-id=\"4282fc6\" data-element_type=\"widget\" data-widget_type=\"spacer.default\">\n\t\t\t\t<div class=\"elementor-widget-container\">\n\t\t\t\t\t<div class=\"elementor-spacer\">\n\t\t\t<div class=\"elementor-spacer-inner\"><\/div>\n\t\t<\/div>\n\t\t\t\t<\/div>\n\t\t\t\t<\/div>\n\t\t\t\t<section class=\"elementor-section elementor-inner-section elementor-element elementor-element-226ff9e elementor-section-boxed elementor-section-height-default elementor-section-height-default\" data-id=\"226ff9e\" data-element_type=\"section\">\n\t\t\t\t\t\t<div class=\"elementor-container elementor-column-gap-default\">\n\t\t\t\t\t\t\t<div class=\"elementor-row\">\n\t\t\t\t\t<div class=\"elementor-column elementor-col-50 elementor-inner-column elementor-element elementor-element-b7aee47\" data-id=\"b7aee47\" data-element_type=\"column\">\n\t\t\t<div class=\"elementor-column-wrap elementor-element-populated\">\n\t\t\t\t\t\t\t<div class=\"elementor-widget-wrap\">\n\t\t\t\t\t\t<div class=\"elementor-element elementor-element-a5fbe64 elementor-widget elementor-widget-heading\" data-id=\"a5fbe64\" data-element_type=\"widget\" data-widget_type=\"heading.default\">\n\t\t\t\t<div class=\"elementor-widget-container\">\n\t\t\t<h1 class=\"elementor-heading-title elementor-size-default\">Tietoa Meist\u00e4 - Equa Series Yrityksen\u00e4<\/h1>\t\t<\/div>\n\t\t\t\t<\/div>\n\t\t\t\t<div class=\"elementor-element elementor-element-db73e21 elementor-widget elementor-widget-text-editor\" data-id=\"db73e21\" data-element_type=\"widget\" data-widget_type=\"text-editor.default\">\n\t\t\t\t<div class=\"elementor-widget-container\">\n\t\t\t\t\t<div class=\"elementor-text-editor elementor-clearfix\"><p><span style=\"font-weight: 400;\">Equa Series suunnittelee ja valmistaa turvalliset ja toimivat karsinat sek\u00e4 hevostallien sisusteet tyylist\u00e4 tinkim\u00e4tt\u00e4. Toimitamme niin valmiita tuotteita kuin uniikkeja ja r\u00e4\u00e4t\u00e4l\u00f6ityj\u00e4 kokonaisuuksia. Equa-tuotteet ovat saatavilla maailmanlaajuisesti verkossa, sek\u00e4 j\u00e4lleenmyyjiemme kautta. Equa Series yrityksen\u00e4 on osa Ghorse Oy:t\u00e4. Ghorse Oy on globaalisti toimiva hevosalan yritys, joka myy hevostaloustuotteita, hevosia sek\u00e4 palveluita.<\/span><\/p><p><span style=\"font-weight: 400;\">Equan takana on vuosikymmenien kokemus hevosalalta. Moniosaavaan, asiantuntevaan tiimiimme kuuluu kilparatsastajia, ratamestareita, metallialan ammattilaisia, sek\u00e4 muotoilijoita. Me tunnemme hevosihmisten tarpeet. Ne pienimm\u00e4tkin asiat, jotka saavat hevost\u00e4yteisen arkemme sujumaan saumattomasti \u2013 niin ett\u00e4 voimme keskitty\u00e4 vain nauttimaan ajasta upeiden nelijalkaisten yst\u00e4viemme kanssa. Erinomaisen k\u00e4yt\u00e4nn\u00f6n toiminallisuuden lis\u00e4ksi, olemme suunnitelleet tuotteet jolla jokainen voi tuoda arjen luksusta omaan talliinsa \u2013 olipa se sitten asiakkaiden tai vain oman silm\u00e4n iloksi.<\/span><\/p><p><i><span style=\"font-weight: 400;\">Equa \u2013 Passion with style.<\/span><\/i><\/p><\/div>\n\t\t\t\t<\/div>\n\t\t\t\t<\/div>\n\t\t\t\t<div class=\"elementor-element elementor-element-69c6d4e elementor-widget elementor-widget-button\" data-id=\"69c6d4e\" data-element_type=\"widget\" data-widget_type=\"button.default\">\n\t\t\t\t<div class=\"elementor-widget-container\">\n\t\t\t\t\t<div class=\"elementor-button-wrapper\">\n\t\t\t<a href=\"#yhteystiedot\" class=\"elementor-button-link elementor-button elementor-size-sm\" role=\"button\" id=\"cta-contact\">\n\t\t\t\t\t\t<span class=\"elementor-button-content-wrapper\">\n\t\t\t\t\t\t<span class=\"elementor-button-text\">Yhteystiedot<\/span>\n\t\t<\/span>\n\t\t\t\t\t<\/a>\n\t\t<\/div>\n\t\t\t\t<\/div>\n\t\t\t\t<\/div>\n\t\t\t\t\t\t<\/div>\n\t\t\t\t\t<\/div>\n\t\t<\/div>\n\t\t\t\t<div class=\"elementor-column elementor-col-50 elementor-inner-column elementor-element elementor-element-bb4bfa5\" data-id=\"bb4bfa5\" data-element_type=\"column\">\n\t\t\t<div class=\"elementor-column-wrap elementor-element-populated\">\n\t\t\t\t\t\t\t<div class=\"elementor-widget-wrap\">\n\t\t\t\t\t\t<div class=\"elementor-element elementor-element-6cbacac elementor-widget elementor-widget-image\" data-id=\"6cbacac\" data-element_type=\"widget\" data-widget_type=\"image.default\">\n\t\t\t\t<div class=\"elementor-widget-container\">\n\t\t\t\t\t<div class=\"elementor-image\">\n\t\t\t\t\t\t\t\t\t\t<img width=\"800\" height=\"800\" src=\"https:\/\/www.equaseries.com\/wp-content\/uploads\/2020\/10\/EQUA_Series_Q_logo-1024x1024.png\" class=\"attachment-large size-large\" alt=\"Equa Series by GHorse Oy - Logo\" srcset=\"https:\/\/www.equaseries.com\/wp-content\/uploads\/2020\/10\/EQUA_Series_Q_logo-1024x1024.png 1024w, https:\/\/www.equaseries.com\/wp-content\/uploads\/2020\/10\/EQUA_Series_Q_logo-512x512.png 512w, https:\/\/www.equaseries.com\/wp-content\/uploads\/2020\/10\/EQUA_Series_Q_logo-300x300.png 300w, https:\/\/www.equaseries.com\/wp-content\/uploads\/2020\/10\/EQUA_Series_Q_logo-150x150.png 150w, https:\/\/www.equaseries.com\/wp-content\/uploads\/2020\/10\/EQUA_Series_Q_logo-768x768.png 768w, https:\/\/www.equaseries.com\/wp-content\/uploads\/2020\/10\/EQUA_Series_Q_logo-12x12.png 12w, https:\/\/www.equaseries.com\/wp-content\/uploads\/2020\/10\/EQUA_Series_Q_logo.png 1080w\" sizes=\"(max-width: 800px) 100vw, 800px\" title=\"- Equa Series by GHorse\">\t\t\t\t\t\t\t\t\t\t\t<\/div>\n\t\t\t\t<\/div>\n\t\t\t\t<\/div>\n\t\t\t\t\t\t<\/div>\n\t\t\t\t\t<\/div>\n\t\t<\/div>\n\t\t\t\t\t\t\t\t<\/div>\n\t\t\t\t\t<\/div>\n\t\t<\/section>\n\t\t\t\t\t\t<\/div>\n\t\t\t\t\t<\/div>\n\t\t<\/div>\n\t\t\t\t\t\t\t\t<\/div>\n\t\t\t\t\t<\/div>\n\t\t<\/section>\n\t\t\t\t<section class=\"elementor-section elementor-top-section elementor-element elementor-element-f5fda77 elementor-section-height-min-height elementor-section-boxed elementor-section-height-default elementor-section-items-middle\" data-id=\"f5fda77\" data-element_type=\"section\" id=\"yhteystiedot\">\n\t\t\t\t\t\t<div class=\"elementor-container elementor-column-gap-default\">\n\t\t\t\t\t\t\t<div class=\"elementor-row\">\n\t\t\t\t\t<div class=\"elementor-column elementor-col-100 elementor-top-column elementor-element elementor-element-c1f2391\" data-id=\"c1f2391\" data-element_type=\"column\">\n\t\t\t<div class=\"elementor-column-wrap elementor-element-populated\">\n\t\t\t\t\t\t\t<div class=\"elementor-widget-wrap\">\n\t\t\t\t\t\t<div class=\"elementor-element elementor-element-b02c0dc elementor-widget elementor-widget-spacer\" data-id=\"b02c0dc\" data-element_type=\"widget\" data-widget_type=\"spacer.default\">\n\t\t\t\t<div class=\"elementor-widget-container\">\n\t\t\t\t\t<div class=\"elementor-spacer\">\n\t\t\t<div class=\"elementor-spacer-inner\"><\/div>\n\t\t<\/div>\n\t\t\t\t<\/div>\n\t\t\t\t<\/div>\n\t\t\t\t<section class=\"elementor-section elementor-inner-section elementor-element elementor-element-6c186cb elementor-section-boxed elementor-section-height-default elementor-section-height-default\" data-id=\"6c186cb\" data-element_type=\"section\">\n\t\t\t\t\t\t<div class=\"elementor-container elementor-column-gap-default\">\n\t\t\t\t\t\t\t<div class=\"elementor-row\">\n\t\t\t\t\t<div class=\"elementor-column elementor-col-50 elementor-inner-column elementor-element elementor-element-e478709\" data-id=\"e478709\" data-element_type=\"column\">\n\t\t\t<div class=\"elementor-column-wrap elementor-element-populated\">\n\t\t\t\t\t\t\t<div class=\"elementor-widget-wrap\">\n\t\t\t\t\t\t<div class=\"elementor-element elementor-element-b79f034 elementor-widget elementor-widget-heading\" data-id=\"b79f034\" data-element_type=\"widget\" data-widget_type=\"heading.default\">\n\t\t\t\t<div class=\"elementor-widget-container\">\n\t\t\t<h2 class=\"elementor-heading-title elementor-size-default\">Equa - Yhteystiedot<\/h2>\t\t<\/div>\n\t\t\t\t<\/div>\n\t\t\t\t<div class=\"elementor-element elementor-element-50b9417 contact elementor-widget elementor-widget-text-editor\" data-id=\"50b9417\" data-element_type=\"widget\" data-widget_type=\"text-editor.default\">\n\t\t\t\t<div class=\"elementor-widget-container\">\n\t\t\t\t\t<div class=\"elementor-text-editor elementor-clearfix\"><p><span style=\"font-weight: 400;\">Yrityksen nimi: Ghorse Oy<\/span><\/p><p><span style=\"font-weight: 400;\">Y-tunnus: <\/span><span style=\"font-weight: 400;\">2417803-0<\/span><\/p><p><span style=\"font-weight: 400;\">Osoite: Kunnasniementie 67, 80510 Onttola<\/span><\/p><p><span style=\"font-weight: 400;\">Puhelin: <a href=\"tel:+358405803892\">+358405803892<\/a><\/span><\/p><p><span style=\"font-weight: 400;\">S\u00e4hk\u00f6posti: <a href=\"mailto:info@ghorse.com\">info@ghorse.com<\/a><\/span><\/p><p><span style=\"font-weight: 400;\">Whatsapp: <a href=\"https:\/\/wa.me\/358405803892\" target=\"_blank\" rel=\"noopener\">+358405803892<\/a><\/span><\/p><\/div>\n\t\t\t\t<\/div>\n\t\t\t\t<\/div>\n\t\t\t\t<div class=\"elementor-element elementor-element-fcc9c1d e-grid-align-left elementor-shape-rounded elementor-grid-0 elementor-widget elementor-widget-social-icons\" data-id=\"fcc9c1d\" data-element_type=\"widget\" data-widget_type=\"social-icons.default\">\n\t\t\t\t<div class=\"elementor-widget-container\">\n\t\t\t\t\t<div class=\"elementor-social-icons-wrapper elementor-grid\">\n\t\t\t\t\t\t\t<div class=\"elementor-grid-item\">\n\t\t\t\t\t<a class=\"elementor-icon elementor-social-icon elementor-social-icon-facebook elementor-repeater-item-9934584\" href=\"https:\/\/www.facebook.com\/Equa-Series-104481431151511\" target=\"_blank\" rel=\"noopener\">\n\t\t\t\t\t\t<span class=\"elementor-screen-only\">Facebook<\/span>\n\t\t\t\t\t\t<i class=\"fab fa-facebook\"><\/i>\t\t\t\t\t<\/a>\n\t\t\t\t<\/div>\n\t\t\t\t\t\t\t<div class=\"elementor-grid-item\">\n\t\t\t\t\t<a class=\"elementor-icon elementor-social-icon elementor-social-icon-instagram elementor-repeater-item-6e361ce\" href=\"https:\/\/www.instagram.com\/equaseries\/?hl=en\" target=\"_blank\" rel=\"noopener\">\n\t\t\t\t\t\t<span class=\"elementor-screen-only\">Instagram<\/span>\n\t\t\t\t\t\t<i class=\"fab fa-instagram\"><\/i>\t\t\t\t\t<\/a>\n\t\t\t\t<\/div>\n\t\t\t\t\t<\/div>\n\t\t\t\t<\/div>\n\t\t\t\t<\/div>\n\t\t\t\t<div class=\"elementor-element elementor-element-a1e1a40 elementor-widget elementor-widget-image\" data-id=\"a1e1a40\" data-element_type=\"widget\" data-widget_type=\"image.default\">\n\t\t\t\t<div class=\"elementor-widget-container\">\n\t\t\t\t\t<div class=\"elementor-image\">\n\t\t\t\t\t\t\t\t\t\t\t<a href=\"\/\">\n\t\t\t\t\t\t\t<img width=\"213\" height=\"120\" src=\"https:\/\/www.equaseries.com\/wp-content\/uploads\/2022\/04\/equa-series-yrityksena.png\" class=\"attachment-medium size-medium\" alt=\"Equa Series Yrityksen\u00e4\" title=\"- Equa Series by GHorse\">\t\t\t\t\t\t\t\t<\/a>\n\t\t\t\t\t\t\t\t\t\t\t<\/div>\n\t\t\t\t<\/div>\n\t\t\t\t<\/div>\n\t\t\t\t<div class=\"elementor-element elementor-element-9260edf elementor-hidden-desktop elementor-hidden-tablet elementor-hidden-phone elementor-widget elementor-widget-heading\" data-id=\"9260edf\" data-element_type=\"widget\" data-widget_type=\"heading.default\">\n\t\t\t\t<div class=\"elementor-widget-container\">\n\t\t\t<h2 class=\"elementor-heading-title elementor-size-default\">Equa Series Yrityksen\u00e4<\/h2>\t\t<\/div>\n\t\t\t\t<\/div>\n\t\t\t\t\t\t<\/div>\n\t\t\t\t\t<\/div>\n\t\t<\/div>\n\t\t\t\t<div class=\"elementor-column elementor-col-50 elementor-inner-column elementor-element elementor-element-4a88078\" data-id=\"4a88078\" data-element_type=\"column\">\n\t\t\t<div class=\"elementor-column-wrap elementor-element-populated\">\n\t\t\t\t\t\t\t<div class=\"elementor-widget-wrap\">\n\t\t\t\t\t\t<div class=\"elementor-element elementor-element-5e51cd6 elementor-widget elementor-widget-google_maps\" data-id=\"5e51cd6\" data-element_type=\"widget\" data-widget_type=\"google_maps.default\">\n\t\t\t\t<div class=\"elementor-widget-container\">\n\t\t\t<div class=\"elementor-custom-embed\"><iframe frameborder=\"0\" scrolling=\"no\" marginheight=\"0\" marginwidth=\"0\" src=\"https:\/\/maps.google.com\/maps?q=Kunnasniementie%2067%2C%2080510%20Onttola&amp;t=m&amp;z=5&amp;output=embed&amp;iwloc=near\" title=\"Kunnasniementie 67, 80510 Onttola\" aria-label=\"Kunnasniementie 67, 80510 Onttola\"><\/iframe><\/div>\t\t<\/div>\n\t\t\t\t<\/div>\n\t\t\t\t\t\t<\/div>\n\t\t\t\t\t<\/div>\n\t\t<\/div>\n\t\t\t\t\t\t\t\t<\/div>\n\t\t\t\t\t<\/div>\n\t\t<\/section>\n\t\t\t\t\t\t<\/div>\n\t\t\t\t\t<\/div>\n\t\t<\/div>\n\t\t\t\t\t\t\t\t<\/div>\n\t\t\t\t\t<\/div>\n\t\t<\/section>\n\t\t\t\t\t\t<\/div>\n\t\t\t\t\t\t<\/div>\n\t\t\t\t\t<\/div>\n\t\t","protected":false},"excerpt":{"rendered":"<p>Tietoa Meist\u00e4 &#8211; Equa Series Yrityksen\u00e4 Equa Series suunnittelee ja valmistaa turvalliset ja toimivat karsinat sek\u00e4 hevostallien sisusteet tyylist\u00e4 tinkim\u00e4tt\u00e4. Toimitamme niin valmiita tuotteita kuin uniikkeja ja r\u00e4\u00e4t\u00e4l\u00f6ityj\u00e4 kokonaisuuksia. Equa-tuotteet ovat saatavilla maailmanlaajuisesti verkossa, sek\u00e4 j\u00e4lleenmyyjiemme kautta. Equa Series yrityksen\u00e4 on osa Ghorse Oy:t\u00e4. Ghorse Oy on globaalisti toimiva hevosalan yritys, joka myy hevostaloustuotteita, hevosia [&hellip;]<\/p>\n","protected":false},"author":1,"featured_media":0,"parent":0,"menu_order":0,"comment_status":"closed","ping_status":"closed","template":"elementor_header_footer","meta":[],"_links":{"self":[{"href":"https:\/\/www.equaseries.com\/fi\/wp-json\/wp\/v2\/pages\/611"}],"collection":[{"href":"https:\/\/www.equaseries.com\/fi\/wp-json\/wp\/v2\/pages"}],"about":[{"href":"https:\/\/www.equaseries.com\/fi\/wp-json\/wp\/v2\/types\/page"}],"author":[{"embeddable":true,"href":"https:\/\/www.equaseries.com\/fi\/wp-json\/wp\/v2\/users\/1"}],"replies":[{"embeddable":true,"href":"https:\/\/www.equaseries.com\/fi\/wp-json\/wp\/v2\/comments?post=611"}],"version-history":[{"count":48,"href":"https:\/\/www.equaseries.com\/fi\/wp-json\/wp\/v2\/pages\/611\/revisions"}],"predecessor-version":[{"id":1235,"href":"https:\/\/www.equaseries.com\/fi\/wp-json\/wp\/v2\/pages\/611\/revisions\/1235"}],"wp:attachment":[{"href":"https:\/\/www.equaseries.com\/fi\/wp-json\/wp\/v2\/media?parent=611"}],"curies":[{"name":"wp","href":"https:\/\/api.w.org\/{rel}","templated":true}]}}