{"id":637,"date":"2021-10-05T04:35:07","date_gmt":"2021-10-05T02:35:07","guid":{"rendered":"https:\/\/equa.lasse.dev\/?page_id=637"},"modified":"2022-04-01T17:23:58","modified_gmt":"2022-04-01T15:23:58","slug":"kayttoehdot","status":"publish","type":"page","link":"https:\/\/www.equaseries.com\/fi\/kayttoehdot\/","title":{"rendered":"K\u00e4ytt\u00f6ehdot"},"content":{"rendered":"\t\t<div data-elementor-type=\"wp-page\" data-elementor-id=\"637\" class=\"elementor elementor-637\" data-elementor-settings=\"[]\">\n\t\t\t\t\t\t<div class=\"elementor-inner\">\n\t\t\t\t\t\t\t<div class=\"elementor-section-wrap\">\n\t\t\t\t\t\t\t<section class=\"elementor-section elementor-top-section elementor-element elementor-element-34ad8abf elementor-section-boxed elementor-section-height-default elementor-section-height-default\" data-id=\"34ad8abf\" data-element_type=\"section\">\n\t\t\t\t\t\t<div class=\"elementor-container elementor-column-gap-default\">\n\t\t\t\t\t\t\t<div class=\"elementor-row\">\n\t\t\t\t\t<div class=\"elementor-column elementor-col-100 elementor-top-column elementor-element elementor-element-3c5dd490\" data-id=\"3c5dd490\" data-element_type=\"column\">\n\t\t\t<div class=\"elementor-column-wrap elementor-element-populated\">\n\t\t\t\t\t\t\t<div class=\"elementor-widget-wrap\">\n\t\t\t\t\t\t<div class=\"elementor-element elementor-element-e543d81 elementor-widget elementor-widget-heading\" data-id=\"e543d81\" data-element_type=\"widget\" data-widget_type=\"heading.default\">\n\t\t\t\t<div class=\"elementor-widget-container\">\n\t\t\t<h1 class=\"elementor-heading-title elementor-size-default\">K\u00e4ytt\u00f6ehdot<\/h1>\t\t<\/div>\n\t\t\t\t<\/div>\n\t\t\t\t<div class=\"elementor-element elementor-element-74fa215a elementor-widget elementor-widget-text-editor\" data-id=\"74fa215a\" data-element_type=\"widget\" data-widget_type=\"text-editor.default\">\n\t\t\t\t<div class=\"elementor-widget-container\">\n\t\t\t\t\t<div class=\"elementor-text-editor elementor-clearfix\"><!-- wp:paragraph -->\n<p><strong>Equa Series \u2013 verkkopalvelun k\u00e4ytt\u00f6ehdot<\/strong> (www.equaseries.com)<\/p>\n<!-- \/wp:paragraph -->\n\n<!-- wp:heading -->\n<h2><strong>1.<\/strong> <strong>Yleist\u00e4<\/strong><\/h2>\n<!-- \/wp:heading -->\n\n<!-- wp:paragraph -->\n<p>Tervetuloa Equa Series (j\u00e4ljemp\u00e4n\u00e4 \u201dEqua\u201d) verkkopalveluun (j\u00e4ljemp\u00e4n\u00e4 \u201dPalvelu\u201d). K\u00e4ytt\u00e4j\u00e4\u00e4 kehotetaan tutustumaan n\u00e4ihin k\u00e4ytt\u00f6ehtoihin (j\u00e4ljemp\u00e4n\u00e4 \u201dEhdot\u201d) huolellisesti ennen Palvelun k\u00e4ytt\u00e4mist\u00e4.<\/p>\n<!-- \/wp:paragraph -->\n\n<!-- wp:paragraph -->\n<p>N\u00e4m\u00e4 Ehdot soveltuvat kaikkiin k\u00e4ytt\u00e4j\u00e4n toimiin Palvelussa riippumatta siit\u00e4, mill\u00e4 p\u00e4\u00e4telaitteella Palvelua k\u00e4ytet\u00e4\u00e4n. K\u00e4ytt\u00e4j\u00e4n on sallittua k\u00e4ytt\u00e4\u00e4 Palvelua ainoastaan kulloinkin voimassa olevien Ehtojen ja soveltuvan lains\u00e4\u00e4d\u00e4nn\u00f6n sek\u00e4 hyv\u00e4n tavan mukaisesti. Palvelu voi lis\u00e4ksi sis\u00e4lt\u00e4\u00e4 osioita tai toimintoja (kuten verkkokauppa), joiden k\u00e4ytt\u00e4miseen sovelletaan n\u00e4iden Ehtojen lis\u00e4ksi Palvelussa erikseen annettavia erityisehtoja tai -ohjeita, ja niiden k\u00e4ytt\u00e4minen saattaa edellytt\u00e4\u00e4 rekister\u00f6itymist\u00e4.<\/p>\n<!-- \/wp:paragraph -->\n\n<!-- wp:paragraph -->\n<p>Ehdot muodostavat sopimuksen k\u00e4ytt\u00e4j\u00e4n ja Equan v\u00e4lill\u00e4, ja m\u00e4\u00e4rittelev\u00e4t k\u00e4ytt\u00e4j\u00e4n ja Equan Palvelua koskevat oikeudet ja velvollisuudet.<\/p>\n<!-- \/wp:paragraph -->\n\n<!-- wp:paragraph -->\n<p>Palvelun k\u00e4ytt\u00e4minen on osoitus siit\u00e4, ett\u00e4 k\u00e4ytt\u00e4j\u00e4 hyv\u00e4ksyy kulloinkin voimassa olevat Ehdot ja sitoutuu noudattamaan niit\u00e4 sek\u00e4 Palvelussa erikseen annettavia ehtoja ja ohjeita.<\/p>\n<!-- \/wp:paragraph -->\n\n<!-- wp:heading -->\n<h2><strong>2.<\/strong>&nbsp; &nbsp; <strong>Palveluntarjoaja<\/strong><\/h2>\n<!-- \/wp:heading -->\n\n<!-- wp:paragraph -->\n<p>Equa Series \/ Ghorse Oy<\/p>\n<!-- \/wp:paragraph -->\n\n<!-- wp:paragraph -->\n<p>2417803-0<\/p>\n<!-- \/wp:paragraph -->\n\n<!-- wp:paragraph -->\n<p>Kunnasniementie 67<\/p>\n<!-- \/wp:paragraph -->\n\n<!-- wp:paragraph -->\n<p>80510<\/p>\n<!-- \/wp:paragraph -->\n\n<!-- wp:paragraph -->\n<p>ONTTOLA<\/p>\n<!-- \/wp:paragraph -->\n\n<!-- wp:paragraph -->\n<p>040 5803892<\/p>\n<!-- \/wp:paragraph -->\n\n<!-- wp:paragraph -->\n<p>info@ghorse.fi<\/p>\n<!-- \/wp:paragraph -->\n\n<!-- wp:heading -->\n<h2><strong>3.<\/strong> &nbsp; &nbsp; &nbsp; <strong>&nbsp;Henkil\u00f6tietojen k\u00e4sittely<\/strong><\/h2>\n<!-- \/wp:heading -->\n\n<!-- wp:paragraph -->\n<p>Equa k\u00e4sittelee Palvelun v\u00e4lityksell\u00e4 saatavia, k\u00e4ytt\u00e4j\u00e4\u00e4 koskevia henkil\u00f6tietoja kulloinkin voimassa olevan henkil\u00f6tietolains\u00e4\u00e4d\u00e4nn\u00f6n sallimalla ja velvoittamalla tavalla. Equan asiakkuuteen ja muuhun asialliseen yhteyteen perustuvan rekisterin tietosuojaselosteessa kuvataan henkil\u00f6tietojen k\u00e4sittely\u00e4 tarkemmin.<\/p>\n<!-- \/wp:paragraph -->\n\n<!-- wp:heading -->\n<h2><strong>4.<\/strong>&nbsp; &nbsp; <strong>&nbsp;Ev\u00e4steet<\/strong><\/h2>\n<!-- \/wp:heading -->\n\n<!-- wp:paragraph -->\n<p>Palvelun v\u00e4lityksell\u00e4 voidaan ev\u00e4steiden (&#8221;cookies&#8221;) tai muiden vastaavien tekniikoiden avulla ker\u00e4t\u00e4 k\u00e4ytt\u00e4j\u00e4n p\u00e4\u00e4telaitteeseen tai Palvelun k\u00e4ytt\u00e4miseen liittyvi\u00e4 tietoja, kuten tietoja siit\u00e4, milt\u00e4 sivulta k\u00e4ytt\u00e4j\u00e4 on saapunut Palveluun, mit\u00e4 selainta k\u00e4ytt\u00e4j\u00e4 k\u00e4ytt\u00e4\u00e4 tai milloin ja mit\u00e4 Palvelun osioita k\u00e4ytt\u00e4j\u00e4 on selannut. Ev\u00e4ste on pieni tekstitiedosto, joka voidaan toimittaa k\u00e4ytt\u00e4j\u00e4n p\u00e4\u00e4telaitteelle Palvelun v\u00e4lityksell\u00e4.<\/p>\n<!-- \/wp:paragraph -->\n\n<!-- wp:paragraph -->\n<p>Ev\u00e4steet mahdollistavat esimerkiksi Palvelun k\u00e4ytt\u00e4j\u00e4m\u00e4\u00e4rien ja muiden Palvelun k\u00e4ytt\u00f6\u00f6n liittyvien tietojen k\u00e4sittelyn. Saatujen tietojen avulla Palvelun toimintaa voidaan analysoida ja kehitt\u00e4\u00e4 k\u00e4ytt\u00e4j\u00e4lle paremmaksi ja yksil\u00f6idymm\u00e4ksi. Lis\u00e4ksi ker\u00e4tyn tiedon avulla k\u00e4ytt\u00e4j\u00e4lle voidaan kohdentaa h\u00e4nt\u00e4 todenn\u00e4k\u00f6isesti kiinnostavaa markkinointia Palvelussa sek\u00e4 Palvelun ulkopuolella esimerkiksi uudelleenmarkkinointia hy\u00f6dynt\u00e4m\u00e4ll\u00e4.<\/p>\n<!-- \/wp:paragraph -->\n\n<!-- wp:paragraph -->\n<p>K\u00e4ytt\u00e4j\u00e4 voi est\u00e4\u00e4 ev\u00e4steiden toiminnan niin halutessaan muuttamalla omia selainasetuksiaan. K\u00e4ytt\u00e4j\u00e4n tulee kuitenkin huomioida, ett\u00e4 ev\u00e4steiden k\u00e4yt\u00f6n est\u00e4minen tai niiden poistaminen voi vaikuttaa haitallisesti Palvelun tai sen tiettyjen osioiden tai toimintojen k\u00e4ytt\u00e4miseen tai jopa est\u00e4\u00e4 sen kokonaan. &nbsp;&nbsp;&nbsp;&nbsp;&nbsp;&nbsp;&nbsp;<\/p>\n<!-- \/wp:paragraph -->\n\n<!-- wp:heading -->\n<h2><strong>5.<\/strong>&nbsp; <strong>&nbsp;&nbsp;&nbsp;Palvelun k\u00e4ytt\u00e4mist\u00e4 koskevat oikeudet&nbsp; ja rajoitukset<\/strong><\/h2>\n<!-- \/wp:heading -->\n\n<!-- wp:paragraph -->\n<p>Equa my\u00f6nt\u00e4\u00e4 k\u00e4ytt\u00e4j\u00e4lle n\u00e4iss\u00e4 Ehdoissa m\u00e4\u00e4ritellyn rajoitetun, peruutettavissa olevan, ei-yksinomaisen ja henkil\u00f6kohtaisen oikeuden k\u00e4ytt\u00e4\u00e4 Palvelua ja sen sis\u00e4lt\u00f6\u00e4 ainoastaan n\u00e4iden Ehtojen ja Palvelussa mahdollisesti erikseen annettavien ehtojen ja ohjeiden mukaisesti. K\u00e4ytt\u00e4j\u00e4ll\u00e4 on oikeus k\u00e4ytt\u00e4\u00e4 Palvelua ja sen sis\u00e4lt\u00f6\u00e4 ainoastaan K\u00e4ytt\u00e4j\u00e4n omaan, ei-kaupalliseen k\u00e4ytt\u00f6\u00f6n.<\/p>\n<!-- \/wp:paragraph -->\n\n<!-- wp:paragraph -->\n<p>K\u00e4ytt\u00e4j\u00e4 ei saa muokata tai j\u00e4ljent\u00e4\u00e4 Palvelua tai sen sis\u00e4lt\u00f6\u00e4 taikka niiden osaa. K\u00e4ytt\u00e4j\u00e4ll\u00e4 ei my\u00f6sk\u00e4\u00e4n ole oikeutta sellaisenaan tai muokattuna jakaa, levitt\u00e4\u00e4, v\u00e4litt\u00e4\u00e4, esitt\u00e4\u00e4 julkisesti tai muulla tavoin saattaa Palvelua tai sen sis\u00e4lt\u00f6\u00e4 yleis\u00f6n saataviin, ellei siihen ole n\u00e4iss\u00e4 Ehdoissa nimenomaisesti annettu lupaa. Jos Palvelu sis\u00e4lt\u00e4\u00e4 nimenomaisen mahdollisuuden v\u00e4litt\u00e4\u00e4 Palvelun sis\u00e4lt\u00f6\u00e4 sosiaalisen median palveluihin (ns. sosiaalisen median painikkeet), v\u00e4litt\u00e4misen ei katsota olevan ristiriidassa n\u00e4iden Ehtojen kanssa.<\/p>\n<!-- \/wp:paragraph -->\n\n<!-- wp:paragraph -->\n<p>K\u00e4ytt\u00e4j\u00e4ll\u00e4 on oikeus ottaa Palvelun sis\u00e4ll\u00f6st\u00e4 tuloste tai kopio tai tallentaa kopio omalle p\u00e4\u00e4telaitteelleen omaa yksityist\u00e4 k\u00e4ytt\u00f6\u00e4\u00e4n varten. K\u00e4ytt\u00e4j\u00e4n tulee s\u00e4ilytt\u00e4\u00e4 kaikissa t\u00e4llaisissa tulosteissa ja tallenteissa Palvelun sis\u00e4lt\u00e4m\u00e4t tekij\u00e4noikeuksiin ja muihin oikeuksiin liittyv\u00e4t ilmoitukset.<\/p>\n<!-- \/wp:paragraph -->\n\n<!-- wp:paragraph -->\n<p>K\u00e4ytt\u00e4j\u00e4 ei saa keskeytt\u00e4\u00e4 tai yritt\u00e4\u00e4 keskeytt\u00e4\u00e4 tai muutoin h\u00e4irit\u00e4 tai yritt\u00e4\u00e4 h\u00e4irit\u00e4 Palvelun toimintaa tai toisten k\u00e4ytt\u00e4jien mahdollisuutta k\u00e4ytt\u00e4\u00e4 Palvelua mill\u00e4\u00e4n tavoin. Kiellettyj\u00e4 toimia ovat esimerkiksi ajastettuja h\u00e4iri\u00f6ohjelmia, viruksia tai muuta Palvelun ohjelmalliseen rakenteeseen vaikuttamaan pystyvi\u00e4 osia sis\u00e4lt\u00e4v\u00e4n aineiston sijoittaminen Palveluun.<\/p>\n<!-- \/wp:paragraph -->\n\n<!-- wp:paragraph -->\n<p>K\u00e4ytt\u00e4j\u00e4 ei saa k\u00e4ytt\u00e4\u00e4 Palvelua (a) esiinty\u00e4kseen Equan edustajana; (b) otsikko- tai tunnistetietojen v\u00e4\u00e4rent\u00e4miseen tai k\u00e4sittelemiseen tavalla, jolla pyrit\u00e4\u00e4n peitt\u00e4m\u00e4\u00e4n Palvelun kautta v\u00e4litetyn sis\u00e4ll\u00f6n alkuper\u00e4; (c) muunlaiseen v\u00e4\u00e4rien tietojen antamiseen; (d) muiden k\u00e4ytt\u00e4jien henkil\u00f6tietojen tallentamiseen tai ker\u00e4\u00e4miseen; (e) roskapostin tai muun luvattoman tietoliikenteen v\u00e4litt\u00e4miseen tai (f) muihin lain tai hyv\u00e4n tavan vastaisiin toimiin.<\/p>\n<!-- \/wp:paragraph -->\n\n<!-- wp:heading -->\n<h2><strong>6.<\/strong> <strong>Palvelun muutokset<\/strong><\/h2>\n<!-- \/wp:heading -->\n\n<!-- wp:paragraph -->\n<p>Palvelu sis\u00e4lt\u00f6ineen tarjotaan \u201dsellaisena kuin se on\u201d. Equa on oikeutettu milloin tahansa muokkaamaan tai muuttamaan Palvelua tai sen sis\u00e4lt\u00f6\u00e4 ilman ennakkoilmoitusta tai korvausvelvollisuutta. Equalla on siten oikeus mm. muuttaa tai muokata Palvelussa kuvattuja tuotteita tai hintoja, lis\u00e4t\u00e4 ja poistaa osia Palvelusta sek\u00e4 muuttaa Palvelun maksuttomia osioita maksullisiksi tai p\u00e4invastoin. Equalla on my\u00f6s oikeus milloin tahansa keskeytt\u00e4\u00e4 tai lopettaa Palvelun, sen sis\u00e4ll\u00f6n tai mink\u00e4 tahansa osion tarjoaminen kokonaan taikka rajoittaa Palvelun tai sen osioiden k\u00e4ytt\u00e4mist\u00e4. Jos k\u00e4ytt\u00e4j\u00e4 on toiminut n\u00e4iden Ehtojen, Palvelussa erikseen annettujen ehtojen tai ohjeiden taikka lakien tai hyvien tapojen vastaisesti, Equalla on oikeus est\u00e4\u00e4 k\u00e4ytt\u00e4j\u00e4n p\u00e4\u00e4sy Palveluun ja kielt\u00e4\u00e4 Palvelun k\u00e4ytt\u00e4minen jatkossa.<\/p>\n<!-- \/wp:paragraph -->\n\n<!-- wp:heading -->\n<h2><strong>7.<\/strong> <strong>Rekister\u00f6ityminen<\/strong><\/h2>\n<!-- \/wp:heading -->\n\n<!-- wp:paragraph -->\n<p>Edell\u00e4 kuvatun k\u00e4ytt\u00f6oikeuden saaminen tietyiss\u00e4 Palvelun osioissa saattaa edellytt\u00e4\u00e4 k\u00e4ytt\u00e4j\u00e4n rekister\u00f6itymist\u00e4. Oikeus k\u00e4ytt\u00e4\u00e4 rekister\u00f6inti\u00e4 edellytt\u00e4vi\u00e4 osioita voidaan rajata koskemaan ainoastaan luonnollisia henkil\u00f6it\u00e4 tai oikeushenkil\u00f6it\u00e4 osiokohtaisesti.<\/p>\n<!-- \/wp:paragraph -->\n\n<!-- wp:paragraph -->\n<p>Rekister\u00f6ityess\u00e4\u00e4n Palvelun k\u00e4ytt\u00e4j\u00e4ksi k\u00e4ytt\u00e4j\u00e4n tulee antaa itsest\u00e4\u00e4n oikeat pyydetyt tiedot. V\u00e4\u00e4rien tietojen antaminen on kielletty, ja se saattaa johtaa seuraamuksiin.<\/p>\n<!-- \/wp:paragraph -->\n\n<!-- wp:paragraph -->\n<p>Rekister\u00f6ityess\u00e4\u00e4n k\u00e4ytt\u00e4j\u00e4 valitsee itselleen k\u00e4ytt\u00e4j\u00e4tunnuksen ja salasanan. K\u00e4ytt\u00e4j\u00e4 on vastuussa salasanan huolellisesta s\u00e4ilytt\u00e4misest\u00e4 ja salassapidosta ja vastaa kaikesta k\u00e4ytt\u00e4j\u00e4tunnuksillaan tapahtuvasta asioinnista Palvelussa. K\u00e4ytt\u00e4j\u00e4n tulee olla v\u00e4litt\u00f6m\u00e4sti yhteydess\u00e4 Equaan, jos k\u00e4ytt\u00e4j\u00e4 havaitsee tai ep\u00e4ilee, ett\u00e4 h\u00e4nen tunnuksensa ovat paljastuneet tai ett\u00e4 h\u00e4nen tunnuksiaan k\u00e4ytet\u00e4\u00e4n v\u00e4\u00e4rin. Equalla on oikeus j\u00e4\u00e4dytt\u00e4\u00e4 tai sulkea k\u00e4ytt\u00e4j\u00e4n tunnukset.&nbsp;&nbsp;&nbsp;&nbsp;&nbsp;&nbsp;&nbsp;&nbsp;&nbsp;&nbsp;&nbsp;&nbsp;&nbsp;&nbsp;&nbsp;&nbsp;&nbsp;&nbsp;&nbsp;&nbsp;&nbsp;&nbsp;&nbsp;&nbsp;<\/p>\n<!-- \/wp:paragraph -->\n\n<!-- wp:heading -->\n<h2><strong>8.<\/strong> <strong>Palvelun sis\u00e4lt\u00e4m\u00e4t linkit ulkopuolisille sivustoille ja ulkoiset linkit Palveluun<\/strong><\/h2>\n<!-- \/wp:heading -->\n\n<!-- wp:paragraph -->\n<p>Palvelu voi sis\u00e4lt\u00e4\u00e4 linkkej\u00e4 verkkosivustoille, jotka ovat kolmansien osapuolien omistamia ja yll\u00e4pit\u00e4mi\u00e4. Linkitetyt sivustot eiv\u00e4t ole mill\u00e4\u00e4n lailla Equan hallinnassa eik\u00e4 Equa valvo tai tarkista linkitettyjen sivustojen sis\u00e4lt\u00f6\u00e4. Equa ei vastaa linkitettyjen sivustojen sis\u00e4ll\u00f6st\u00e4, oikeellisuudesta, luotettavuudesta tai tietoturvasta.<\/p>\n<!-- \/wp:paragraph -->\n\n<!-- wp:paragraph -->\n<p>Ulkopuolisille sivustoille johtavien linkkien k\u00e4ytt\u00e4minen siirt\u00e4\u00e4 k\u00e4ytt\u00e4j\u00e4n pois Palvelusta, ja k\u00e4ytt\u00e4j\u00e4 k\u00e4ytt\u00e4\u00e4 linkitettyj\u00e4 sivustoja omalla vastuullaan. K\u00e4ytt\u00e4j\u00e4\u00e4 kehotetaan tutustumaan huolellisesti linkitetyn sivuston k\u00e4ytt\u00f6ehtoihin ja ohjeistuksiin ennen kyseisen sivuston k\u00e4yt\u00f6n aloittamista.<\/p>\n<!-- \/wp:paragraph -->\n\n<!-- wp:heading -->\n<h2><strong>9.<\/strong> <strong>Immateriaalioikeudet<\/strong><\/h2>\n<!-- \/wp:heading -->\n\n<!-- wp:paragraph -->\n<p>Palvelu ja sen sis\u00e4lt\u00f6, kuten tekstit, kuvat, tuotetiedot, tavaramerkit ja tunnukset ovat Equan tai sen yhteisty\u00f6kumppaneiden omaisuutta, joka on suojattu tekij\u00e4noikeuslaeilla ja kansainv\u00e4lisill\u00e4 tekij\u00e4noikeussopimuksilla, sek\u00e4 muulla immateriaalioikeuslains\u00e4\u00e4d\u00e4nn\u00f6ll\u00e4 ja -rekister\u00f6inneill\u00e4.<\/p>\n<!-- \/wp:paragraph -->\n\n<!-- wp:paragraph -->\n<p>Kaikki Palveluun ja sis\u00e4lt\u00f6\u00f6n liittyv\u00e4t immateriaalioikeudet (kuten tekij\u00e4noikeudet, rekister\u00f6idyt ja rekister\u00f6im\u00e4tt\u00f6m\u00e4t tavaramerkki- ja mallioikeudet, domain-nimet, patentit, tietokantaoikeudet sek\u00e4 liikesalaisuudet) ja niiden k\u00e4yt\u00f6st\u00e4 seuraava goodwill-arvo kuuluvat Equalle tai sen yhteisty\u00f6kumppaneille. Equa ei my\u00f6nn\u00e4 k\u00e4ytt\u00e4j\u00e4lle mit\u00e4\u00e4n suoria tai ep\u00e4suoria oikeuksia mihink\u00e4\u00e4n immateriaalioikeuksiin.<\/p>\n<!-- \/wp:paragraph -->\n\n<!-- wp:heading -->\n<h2><strong>10.<\/strong> <strong>&nbsp;Vastuunrajoitukset<\/strong><\/h2>\n<!-- \/wp:heading -->\n\n<!-- wp:paragraph -->\n<p>Equa pyrkii pit\u00e4m\u00e4\u00e4n Palvelun k\u00e4ytt\u00e4j\u00e4n k\u00e4ytett\u00e4viss\u00e4 jatkuvasti ja h\u00e4iri\u00f6itt\u00e4. Equa ei kuitenkaan takaa, ett\u00e4 Palvelu on k\u00e4ytt\u00e4j\u00e4n k\u00e4ytett\u00e4viss\u00e4 keskeytyksett\u00f6m\u00e4sti, oikea-aikaisesti tai virheett\u00f6m\u00e4sti. Palvelu sis\u00e4lt\u00f6ineen tarjotaan k\u00e4ytt\u00e4j\u00e4lle \u201dsellaisena kuin se on\u201d. Equa ei ole vastuussa Palvelussa v\u00e4litett\u00e4vien tietojen tai sis\u00e4ll\u00f6n oikeellisuudesta, luotettavuudesta, virheist\u00e4, puutteista, ep\u00e4tarkkuuksista tai muista vioista.<\/p>\n<!-- \/wp:paragraph -->\n\n<!-- wp:paragraph -->\n<p>Equa ei voi taata Palvelun, sen sis\u00e4ll\u00f6n tai Palvelun kautta v\u00e4litett\u00e4vien tietojen tietoturvaa, eik\u00e4 vastaa siit\u00e4, ett\u00e4 Palvelun kautta l\u00e4hetett\u00e4v\u00e4t s\u00e4hk\u00f6iset tiedotteet eiv\u00e4t sis\u00e4ll\u00e4 viruksia tai muita haitallisia osia. Equa ei my\u00f6sk\u00e4\u00e4n vastaa k\u00e4ytt\u00e4j\u00e4n Palvelun v\u00e4lityksell\u00e4 l\u00e4hett\u00e4mist\u00e4 tai vastaanottamista taikka l\u00e4hett\u00e4m\u00e4tt\u00e4 tai vastaanottamatta j\u00e4\u00e4neist\u00e4 tiedoista tai sis\u00e4ll\u00f6st\u00e4.<\/p>\n<!-- \/wp:paragraph -->\n\n<!-- wp:paragraph -->\n<p>Palvelu ei v\u00e4ltt\u00e4m\u00e4tt\u00e4 ole saatavilla kaikissa maissa ja se voi olla saatavilla vain tietyill\u00e4 kielill\u00e4. Palvelu, sen toiminta tai jotkut ominaisuudet voivat olla riippuvaisia k\u00e4ytett\u00e4vien laitteiden yhteensopivuudesta, verkkoyhteyksist\u00e4, ja sis\u00e4ll\u00f6n formaateista.<\/p>\n<!-- \/wp:paragraph -->\n\n<!-- wp:paragraph -->\n<p>Equa ei ole vastuussa mist\u00e4\u00e4n suorista, ep\u00e4suorista, v\u00e4litt\u00f6mist\u00e4 tai v\u00e4lillisist\u00e4 tai vahingonkorvausvelvollisuuteen perustuvista vahingoista tai erityisvahingoista, mukaan lukien liiketoiminnan, sopimuksen, tuoton tai tietojen menett\u00e4misest\u00e4 tai liiketoiminnan keskeytymisest\u00e4 aiheutuvat vahingot, jotka johtuvat Palvelun tai sen sis\u00e4ll\u00f6n k\u00e4ytt\u00e4misest\u00e4 tai k\u00e4yt\u00f6n estymisest\u00e4 taikka n\u00e4ist\u00e4 Ehdoista, riippumatta siit\u00e4, perustuvatko vahingot sopimukseen, oikeudenloukkaukseen, huolimattomuuteen tai muuhun perusteeseen, vaikka Equalle olisi etuk\u00e4teen ilmoitettu t\u00e4llaisten vahinkojen mahdollisuudesta. Kaikissa tapauksissa Equan vastuu rajoittuu aina korkeintaan pakottavan lains\u00e4\u00e4d\u00e4nn\u00f6n mukaiseen vastuuseen.<\/p>\n<!-- \/wp:paragraph -->\n\n<!-- wp:paragraph -->\n<p>K\u00e4ytt\u00e4j\u00e4 vapauttaa Equan ja kaikki sen ty\u00f6ntekij\u00e4t, johtajat ja sen lukuun toimivat vastuusta kaikkien sellaisten kanteiden ja vaateiden osalta, jotka aiheutuvat k\u00e4ytt\u00e4j\u00e4n Palvelun k\u00e4yt\u00f6st\u00e4.<\/p>\n<!-- \/wp:paragraph -->\n\n<!-- wp:heading -->\n<h2><strong>11.<\/strong> <strong>&nbsp;Ehtojen muutokset ja ilmoitukset<\/strong><\/h2>\n<!-- \/wp:heading -->\n\n<!-- wp:paragraph -->\n<p>Equa pid\u00e4tt\u00e4\u00e4 oikeuden muuttaa n\u00e4it\u00e4 Ehtoja harkintansa mukaan ilmoittamalla siit\u00e4 k\u00e4ytt\u00e4j\u00e4lle s\u00e4hk\u00f6postitse tai Palvelun v\u00e4lityksell\u00e4. Ehtojen muutokset tulevat voimaan, kun niist\u00e4 on ilmoitettu. Palvelun k\u00e4ytt\u00e4mist\u00e4 ilmoitushetken j\u00e4lkeen pidet\u00e4\u00e4n ilmoituksena siit\u00e4, ett\u00e4 k\u00e4ytt\u00e4j\u00e4 hyv\u00e4ksyy Ehtoihin tehdyt muutokset.<\/p>\n<!-- \/wp:paragraph -->\n\n<!-- wp:paragraph -->\n<p>Equa voi sis\u00e4llytt\u00e4\u00e4 Palveluun ilmoituksia. Equa voi my\u00f6s l\u00e4hett\u00e4\u00e4 k\u00e4ytt\u00e4j\u00e4lle Palvelua koskevia ilmoituksia k\u00e4ytt\u00e4j\u00e4n ilmoittamaan s\u00e4hk\u00f6postiosoitteeseen tai puhelinnumeroon. Ilmoitukset katsotaan vastaanotetuiksi seitsem\u00e4n (7) p\u00e4iv\u00e4n kuluttua siit\u00e4, kun Equa on ne l\u00e4hett\u00e4nyt tai laittanut esille. Palvelun k\u00e4yt\u00f6n jatkaminen tarkoittaa, ett\u00e4 k\u00e4ytt\u00e4j\u00e4n katsotaan vastaanottaneen kaikki ilmoitukset l\u00e4hetystavasta huolimatta.<\/p>\n<!-- \/wp:paragraph -->\n\n<!-- wp:heading -->\n<h2><strong>12.<\/strong> <strong>&nbsp;Sovellettava lains\u00e4\u00e4d\u00e4nt\u00f6 ja riitojenratkaisu<\/strong><\/h2>\n<!-- \/wp:heading -->\n\n<!-- wp:paragraph -->\n<p>Palvelun k\u00e4ytt\u00e4miseen ja n\u00e4ihin Ehtoihin sovelletaan Suomen lakia, lukuun ottamatta sen lainvalintas\u00e4\u00e4nn\u00f6ksi\u00e4.<\/p>\n<!-- \/wp:paragraph -->\n\n<!-- wp:paragraph -->\n<p>Osapuolet pyrkiv\u00e4t ratkaisemaan erimielisyydet ensisijaisesti neuvotteluteitse. Mik\u00e4li sovintoratkaisuun ei p\u00e4\u00e4st\u00e4, erimielisyydet ratkaistaan Helsingin k\u00e4r\u00e4j\u00e4oikeudessa Suomessa. Kuluttajak\u00e4ytt\u00e4j\u00e4 voi vied\u00e4 erimielisyyden my\u00f6s kotipaikkansa mukaan m\u00e4\u00e4r\u00e4ytyv\u00e4n toimivaltaisen k\u00e4r\u00e4j\u00e4oikeuden tai kuluttajariitalautakunnan ratkaistavaksi.<\/p>\n<!-- \/wp:paragraph --><\/div>\n\t\t\t\t<\/div>\n\t\t\t\t<\/div>\n\t\t\t\t\t\t<\/div>\n\t\t\t\t\t<\/div>\n\t\t<\/div>\n\t\t\t\t\t\t\t\t<\/div>\n\t\t\t\t\t<\/div>\n\t\t<\/section>\n\t\t\t\t\t\t<\/div>\n\t\t\t\t\t\t<\/div>\n\t\t\t\t\t<\/div>\n\t\t","protected":false},"excerpt":{"rendered":"<p>Equa Series \u2013 verkkopalvelun k\u00e4ytt\u00f6ehdot (www.equaseries.com) 1. Yleist\u00e4 Tervetuloa Equa Series (j\u00e4ljemp\u00e4n\u00e4 \u201dEqua\u201d) verkkopalveluun (j\u00e4ljemp\u00e4n\u00e4 \u201dPalvelu\u201d). K\u00e4ytt\u00e4j\u00e4\u00e4 kehotetaan tutustumaan n\u00e4ihin k\u00e4ytt\u00f6ehtoihin (j\u00e4ljemp\u00e4n\u00e4 \u201dEhdot\u201d) huolellisesti ennen Palvelun k\u00e4ytt\u00e4mist\u00e4. N\u00e4m\u00e4 Ehdot soveltuvat kaikkiin k\u00e4ytt\u00e4j\u00e4n toimiin Palvelussa riippumatta siit\u00e4, mill\u00e4 p\u00e4\u00e4telaitteella Palvelua k\u00e4ytet\u00e4\u00e4n. K\u00e4ytt\u00e4j\u00e4n on sallittua k\u00e4ytt\u00e4\u00e4 Palvelua ainoastaan kulloinkin voimassa olevien Ehtojen ja soveltuvan lains\u00e4\u00e4d\u00e4nn\u00f6n sek\u00e4 hyv\u00e4n [&hellip;]<\/p>\n","protected":false},"author":1,"featured_media":0,"parent":0,"menu_order":0,"comment_status":"closed","ping_status":"closed","template":"elementor_header_footer","meta":[],"_links":{"self":[{"href":"https:\/\/www.equaseries.com\/fi\/wp-json\/wp\/v2\/pages\/637"}],"collection":[{"href":"https:\/\/www.equaseries.com\/fi\/wp-json\/wp\/v2\/pages"}],"about":[{"href":"https:\/\/www.equaseries.com\/fi\/wp-json\/wp\/v2\/types\/page"}],"author":[{"embeddable":true,"href":"https:\/\/www.equaseries.com\/fi\/wp-json\/wp\/v2\/users\/1"}],"replies":[{"embeddable":true,"href":"https:\/\/www.equaseries.com\/fi\/wp-json\/wp\/v2\/comments?post=637"}],"version-history":[{"count":11,"href":"https:\/\/www.equaseries.com\/fi\/wp-json\/wp\/v2\/pages\/637\/revisions"}],"predecessor-version":[{"id":784,"href":"https:\/\/www.equaseries.com\/fi\/wp-json\/wp\/v2\/pages\/637\/revisions\/784"}],"wp:attachment":[{"href":"https:\/\/www.equaseries.com\/fi\/wp-json\/wp\/v2\/media?parent=637"}],"curies":[{"name":"wp","href":"https:\/\/api.w.org\/{rel}","templated":true}]}}